{"id":5597,"date":"2023-04-12T07:41:00","date_gmt":"2023-04-12T07:41:00","guid":{"rendered":"https:\/\/hortacentreveterinari.com\/tienda\/?post_type=product&#038;p=5597"},"modified":"2023-04-13T11:16:11","modified_gmt":"2023-04-13T11:16:11","slug":"hills-metabolic-mini-prescription-diet-pienso-para-perros-1kg","status":"publish","type":"product","link":"https:\/\/hortacentreveterinari.com\/tienda\/producto\/hills-metabolic-mini-prescription-diet-pienso-para-perros-1kg\/","title":{"rendered":"Hill&#8217;s Metabolic Mini Prescription Diet pienso para perros 1kg"},"content":{"rendered":"<p>Hill&#8217;s Metabolic Mini Prescription Diet pienso para perros se basa en los \u00faltimos descubrimientos cient\u00edficos y est\u00e1 dise\u00f1ado espec\u00edficamente para ayudar a los perros con sobrepeso en su dieta. Contribuye a una p\u00e9rdida de peso eficaz y duradera y ayuda a mantener el peso ideal.<\/p>\n<p>Hill&#8217;s Metabolic Mini Prescription Diet pienso para perros se compone de\u00a0<strong>pellets extrapeque\u00f1os<\/strong>, lo que lo hace perfecto para los perros de razas peque\u00f1as. Este alimento diet\u00e9tico para perros presenta un\u00a0<strong>bajo contenido energ\u00e9tico<\/strong>\u00a0y una mezcla especial de fibras. Esto ayuda a controlar el peso y aporta una\u00a0<strong>agradable sensaci\u00f3n de saciedad<\/strong>\u00a0entre las comidas.<\/p>\n","protected":false},"excerpt":{"rendered":"<p>Pienso diet\u00e9tico para perros adultos de razas peque\u00f1as, para reducir la obesidad y fomentar el control de peso, croquetas extrapeque\u00f1as, mezcla de fibras saciantes<\/p>\n","protected":false},"featured_media":5598,"template":"","meta":{"site-sidebar-layout":"default","site-content-layout":"default","ast-site-content-layout":"","site-content-style":"default","site-sidebar-style":"default","ast-global-header-display":"","ast-banner-title-visibility":"","ast-main-header-display":"","ast-hfb-above-header-display":"","ast-hfb-below-header-display":"","ast-hfb-mobile-header-display":"","site-post-title":"","ast-breadcrumbs-content":"","ast-featured-img":"","footer-sml-layout":"","theme-transparent-header-meta":"default","adv-header-id-meta":"","stick-header-meta":"","header-above-stick-meta":"","header-main-stick-meta":"","header-below-stick-meta":"","astra-migrate-meta-layouts":"default","ast-page-background-enabled":"default","ast-page-background-meta":{"desktop":{"background-color":"","background-image":"","background-repeat":"repeat","background-position":"center center","background-size":"auto","background-attachment":"scroll","background-type":"","background-media":"","overlay-type":"","overlay-color":"","overlay-gradient":""},"tablet":{"background-color":"","background-image":"","background-repeat":"repeat","background-position":"center center","background-size":"auto","background-attachment":"scroll","background-type":"","background-media":"","overlay-type":"","overlay-color":"","overlay-gradient":""},"mobile":{"background-color":"","background-image":"","background-repeat":"repeat","background-position":"center center","background-size":"auto","background-attachment":"scroll","background-type":"","background-media":"","overlay-type":"","overlay-color":"","overlay-gradient":""}},"ast-content-background-meta":{"desktop":{"background-color":"var(--ast-global-color-5)","background-image":"","background-repeat":"repeat","background-position":"center center","background-size":"auto","background-attachment":"scroll","background-type":"","background-media":"","overlay-type":"","overlay-color":"","overlay-gradient":""},"tablet":{"background-color":"var(--ast-global-color-5)","background-image":"","background-repeat":"repeat","background-position":"center center","background-size":"auto","background-attachment":"scroll","background-type":"","background-media":"","overlay-type":"","overlay-color":"","overlay-gradient":""},"mobile":{"background-color":"var(--ast-global-color-5)","background-image":"","background-repeat":"repeat","background-position":"center center","background-size":"auto","background-attachment":"scroll","background-type":"","background-media":"","overlay-type":"","overlay-color":"","overlay-gradient":""}}},"product_cat":[57,47],"product_tag":[],"class_list":{"0":"post-5597","1":"product","2":"type-product","3":"status-publish","4":"has-post-thumbnail","6":"product_cat-hills","7":"product_cat-perros","8":"desktop-align-center","9":"tablet-align-center","10":"mobile-align-center","12":"first","13":"instock","14":"featured","15":"taxable","16":"shipping-taxable","17":"purchasable","18":"product-type-simple"},"yoast_head":"<!-- This site is optimized with the Yoast SEO plugin v22.6 - https:\/\/yoast.com\/wordpress\/plugins\/seo\/ -->\n<title>Hill&#039;s Metabolic Mini Prescription Diet pienso para perros 1kg - Horta Centre Veterinari<\/title>\n<meta name=\"robots\" content=\"index, follow, max-snippet:-1, max-image-preview:large, max-video-preview:-1\" \/>\n<link rel=\"canonical\" href=\"https:\/\/hortacentreveterinari.com\/tienda\/producto\/hills-metabolic-mini-prescription-diet-pienso-para-perros-1kg\/\" \/>\n<meta property=\"og:locale\" content=\"es_ES\" \/>\n<meta property=\"og:type\" content=\"article\" \/>\n<meta property=\"og:title\" content=\"Hill&#039;s Metabolic Mini Prescription Diet pienso para perros 1kg - Horta Centre Veterinari\" \/>\n<meta property=\"og:description\" content=\"Pienso diet\u00e9tico para perros adultos de razas peque\u00f1as, para reducir la obesidad y fomentar el control de peso, croquetas extrapeque\u00f1as, mezcla de fibras saciantes\" \/>\n<meta property=\"og:url\" content=\"https:\/\/hortacentreveterinari.com\/tienda\/producto\/hills-metabolic-mini-prescription-diet-pienso-para-perros-1kg\/\" \/>\n<meta property=\"og:site_name\" content=\"Horta Centre Veterinari\" \/>\n<meta property=\"article:modified_time\" content=\"2023-04-13T11:16:11+00:00\" \/>\n<meta property=\"og:image\" content=\"https:\/\/hortacentreveterinari.com\/tienda\/wp-content\/uploads\/2023\/04\/242412_243596_pla_hills_prescriptiondiet_canine_metabolic_mini_huhn_hs_01_5.jpg\" \/>\n\t<meta property=\"og:image:width\" content=\"400\" \/>\n\t<meta property=\"og:image:height\" content=\"400\" \/>\n\t<meta property=\"og:image:type\" content=\"image\/jpeg\" \/>\n<meta name=\"twitter:card\" content=\"summary_large_image\" \/>\n<meta name=\"twitter:label1\" content=\"Tiempo de lectura\" \/>\n\t<meta name=\"twitter:data1\" content=\"1 minuto\" \/>\n<script type=\"application\/ld+json\" class=\"yoast-schema-graph\">{\"@context\":\"https:\/\/schema.org\",\"@graph\":[{\"@type\":\"WebPage\",\"@id\":\"https:\/\/hortacentreveterinari.com\/tienda\/producto\/hills-metabolic-mini-prescription-diet-pienso-para-perros-1kg\/\",\"url\":\"https:\/\/hortacentreveterinari.com\/tienda\/producto\/hills-metabolic-mini-prescription-diet-pienso-para-perros-1kg\/\",\"name\":\"Hill's Metabolic Mini Prescription Diet pienso para perros 1kg - Horta Centre Veterinari\",\"isPartOf\":{\"@id\":\"https:\/\/hortacentreveterinari.com\/tienda\/#website\"},\"primaryImageOfPage\":{\"@id\":\"https:\/\/hortacentreveterinari.com\/tienda\/producto\/hills-metabolic-mini-prescription-diet-pienso-para-perros-1kg\/#primaryimage\"},\"image\":{\"@id\":\"https:\/\/hortacentreveterinari.com\/tienda\/producto\/hills-metabolic-mini-prescription-diet-pienso-para-perros-1kg\/#primaryimage\"},\"thumbnailUrl\":\"https:\/\/hortacentreveterinari.com\/tienda\/wp-content\/uploads\/2023\/04\/242412_243596_pla_hills_prescriptiondiet_canine_metabolic_mini_huhn_hs_01_5.jpg\",\"datePublished\":\"2023-04-12T07:41:00+00:00\",\"dateModified\":\"2023-04-13T11:16:11+00:00\",\"breadcrumb\":{\"@id\":\"https:\/\/hortacentreveterinari.com\/tienda\/producto\/hills-metabolic-mini-prescription-diet-pienso-para-perros-1kg\/#breadcrumb\"},\"inLanguage\":\"es\",\"potentialAction\":[{\"@type\":\"ReadAction\",\"target\":[\"https:\/\/hortacentreveterinari.com\/tienda\/producto\/hills-metabolic-mini-prescription-diet-pienso-para-perros-1kg\/\"]}]},{\"@type\":\"ImageObject\",\"inLanguage\":\"es\",\"@id\":\"https:\/\/hortacentreveterinari.com\/tienda\/producto\/hills-metabolic-mini-prescription-diet-pienso-para-perros-1kg\/#primaryimage\",\"url\":\"https:\/\/hortacentreveterinari.com\/tienda\/wp-content\/uploads\/2023\/04\/242412_243596_pla_hills_prescriptiondiet_canine_metabolic_mini_huhn_hs_01_5.jpg\",\"contentUrl\":\"https:\/\/hortacentreveterinari.com\/tienda\/wp-content\/uploads\/2023\/04\/242412_243596_pla_hills_prescriptiondiet_canine_metabolic_mini_huhn_hs_01_5.jpg\",\"width\":400,\"height\":400},{\"@type\":\"BreadcrumbList\",\"@id\":\"https:\/\/hortacentreveterinari.com\/tienda\/producto\/hills-metabolic-mini-prescription-diet-pienso-para-perros-1kg\/#breadcrumb\",\"itemListElement\":[{\"@type\":\"ListItem\",\"position\":1,\"name\":\"Portada\",\"item\":\"https:\/\/hortacentreveterinari.com\/tienda\/\"},{\"@type\":\"ListItem\",\"position\":2,\"name\":\"Tienda\",\"item\":\"https:\/\/hortacentreveterinari.com\/tienda\/tienda\/\"},{\"@type\":\"ListItem\",\"position\":3,\"name\":\"Hill&#8217;s Metabolic Mini Prescription Diet pienso para perros 1kg\"}]},{\"@type\":\"WebSite\",\"@id\":\"https:\/\/hortacentreveterinari.com\/tienda\/#website\",\"url\":\"https:\/\/hortacentreveterinari.com\/tienda\/\",\"name\":\"Horta Centre Veterinari\",\"description\":\"Tienda online\",\"publisher\":{\"@id\":\"https:\/\/hortacentreveterinari.com\/tienda\/#organization\"},\"potentialAction\":[{\"@type\":\"SearchAction\",\"target\":{\"@type\":\"EntryPoint\",\"urlTemplate\":\"https:\/\/hortacentreveterinari.com\/tienda\/?s={search_term_string}\"},\"query-input\":\"required name=search_term_string\"}],\"inLanguage\":\"es\"},{\"@type\":\"Organization\",\"@id\":\"https:\/\/hortacentreveterinari.com\/tienda\/#organization\",\"name\":\"Horta Centre Veterinari\",\"url\":\"https:\/\/hortacentreveterinari.com\/tienda\/\",\"logo\":{\"@type\":\"ImageObject\",\"inLanguage\":\"es\",\"@id\":\"https:\/\/hortacentreveterinari.com\/tienda\/#\/schema\/logo\/image\/\",\"url\":\"https:\/\/hortacentreveterinari.com\/tienda\/wp-content\/uploads\/2023\/04\/horta-centre-veterinari-logo.png\",\"contentUrl\":\"https:\/\/hortacentreveterinari.com\/tienda\/wp-content\/uploads\/2023\/04\/horta-centre-veterinari-logo.png\",\"width\":239,\"height\":157,\"caption\":\"Horta Centre Veterinari\"},\"image\":{\"@id\":\"https:\/\/hortacentreveterinari.com\/tienda\/#\/schema\/logo\/image\/\"}}]}<\/script>\n<!-- \/ Yoast SEO plugin. -->","yoast_head_json":{"title":"Hill's Metabolic Mini Prescription Diet pienso para perros 1kg - Horta Centre Veterinari","robots":{"index":"index","follow":"follow","max-snippet":"max-snippet:-1","max-image-preview":"max-image-preview:large","max-video-preview":"max-video-preview:-1"},"canonical":"https:\/\/hortacentreveterinari.com\/tienda\/producto\/hills-metabolic-mini-prescription-diet-pienso-para-perros-1kg\/","og_locale":"es_ES","og_type":"article","og_title":"Hill's Metabolic Mini Prescription Diet pienso para perros 1kg - Horta Centre Veterinari","og_description":"Pienso diet\u00e9tico para perros adultos de razas peque\u00f1as, para reducir la obesidad y fomentar el control de peso, croquetas extrapeque\u00f1as, mezcla de fibras saciantes","og_url":"https:\/\/hortacentreveterinari.com\/tienda\/producto\/hills-metabolic-mini-prescription-diet-pienso-para-perros-1kg\/","og_site_name":"Horta Centre Veterinari","article_modified_time":"2023-04-13T11:16:11+00:00","og_image":[{"width":400,"height":400,"url":"https:\/\/hortacentreveterinari.com\/tienda\/wp-content\/uploads\/2023\/04\/242412_243596_pla_hills_prescriptiondiet_canine_metabolic_mini_huhn_hs_01_5.jpg","type":"image\/jpeg"}],"twitter_card":"summary_large_image","twitter_misc":{"Tiempo de lectura":"1 minuto"},"schema":{"@context":"https:\/\/schema.org","@graph":[{"@type":"WebPage","@id":"https:\/\/hortacentreveterinari.com\/tienda\/producto\/hills-metabolic-mini-prescription-diet-pienso-para-perros-1kg\/","url":"https:\/\/hortacentreveterinari.com\/tienda\/producto\/hills-metabolic-mini-prescription-diet-pienso-para-perros-1kg\/","name":"Hill's Metabolic Mini Prescription Diet pienso para perros 1kg - Horta Centre Veterinari","isPartOf":{"@id":"https:\/\/hortacentreveterinari.com\/tienda\/#website"},"primaryImageOfPage":{"@id":"https:\/\/hortacentreveterinari.com\/tienda\/producto\/hills-metabolic-mini-prescription-diet-pienso-para-perros-1kg\/#primaryimage"},"image":{"@id":"https:\/\/hortacentreveterinari.com\/tienda\/producto\/hills-metabolic-mini-prescription-diet-pienso-para-perros-1kg\/#primaryimage"},"thumbnailUrl":"https:\/\/hortacentreveterinari.com\/tienda\/wp-content\/uploads\/2023\/04\/242412_243596_pla_hills_prescriptiondiet_canine_metabolic_mini_huhn_hs_01_5.jpg","datePublished":"2023-04-12T07:41:00+00:00","dateModified":"2023-04-13T11:16:11+00:00","breadcrumb":{"@id":"https:\/\/hortacentreveterinari.com\/tienda\/producto\/hills-metabolic-mini-prescription-diet-pienso-para-perros-1kg\/#breadcrumb"},"inLanguage":"es","potentialAction":[{"@type":"ReadAction","target":["https:\/\/hortacentreveterinari.com\/tienda\/producto\/hills-metabolic-mini-prescription-diet-pienso-para-perros-1kg\/"]}]},{"@type":"ImageObject","inLanguage":"es","@id":"https:\/\/hortacentreveterinari.com\/tienda\/producto\/hills-metabolic-mini-prescription-diet-pienso-para-perros-1kg\/#primaryimage","url":"https:\/\/hortacentreveterinari.com\/tienda\/wp-content\/uploads\/2023\/04\/242412_243596_pla_hills_prescriptiondiet_canine_metabolic_mini_huhn_hs_01_5.jpg","contentUrl":"https:\/\/hortacentreveterinari.com\/tienda\/wp-content\/uploads\/2023\/04\/242412_243596_pla_hills_prescriptiondiet_canine_metabolic_mini_huhn_hs_01_5.jpg","width":400,"height":400},{"@type":"BreadcrumbList","@id":"https:\/\/hortacentreveterinari.com\/tienda\/producto\/hills-metabolic-mini-prescription-diet-pienso-para-perros-1kg\/#breadcrumb","itemListElement":[{"@type":"ListItem","position":1,"name":"Portada","item":"https:\/\/hortacentreveterinari.com\/tienda\/"},{"@type":"ListItem","position":2,"name":"Tienda","item":"https:\/\/hortacentreveterinari.com\/tienda\/tienda\/"},{"@type":"ListItem","position":3,"name":"Hill&#8217;s Metabolic Mini Prescription Diet pienso para perros 1kg"}]},{"@type":"WebSite","@id":"https:\/\/hortacentreveterinari.com\/tienda\/#website","url":"https:\/\/hortacentreveterinari.com\/tienda\/","name":"Horta Centre Veterinari","description":"Tienda online","publisher":{"@id":"https:\/\/hortacentreveterinari.com\/tienda\/#organization"},"potentialAction":[{"@type":"SearchAction","target":{"@type":"EntryPoint","urlTemplate":"https:\/\/hortacentreveterinari.com\/tienda\/?s={search_term_string}"},"query-input":"required name=search_term_string"}],"inLanguage":"es"},{"@type":"Organization","@id":"https:\/\/hortacentreveterinari.com\/tienda\/#organization","name":"Horta Centre Veterinari","url":"https:\/\/hortacentreveterinari.com\/tienda\/","logo":{"@type":"ImageObject","inLanguage":"es","@id":"https:\/\/hortacentreveterinari.com\/tienda\/#\/schema\/logo\/image\/","url":"https:\/\/hortacentreveterinari.com\/tienda\/wp-content\/uploads\/2023\/04\/horta-centre-veterinari-logo.png","contentUrl":"https:\/\/hortacentreveterinari.com\/tienda\/wp-content\/uploads\/2023\/04\/horta-centre-veterinari-logo.png","width":239,"height":157,"caption":"Horta Centre Veterinari"},"image":{"@id":"https:\/\/hortacentreveterinari.com\/tienda\/#\/schema\/logo\/image\/"}}]}},"_links":{"self":[{"href":"https:\/\/hortacentreveterinari.com\/tienda\/wp-json\/wp\/v2\/product\/5597","targetHints":{"allow":["GET"]}}],"collection":[{"href":"https:\/\/hortacentreveterinari.com\/tienda\/wp-json\/wp\/v2\/product"}],"about":[{"href":"https:\/\/hortacentreveterinari.com\/tienda\/wp-json\/wp\/v2\/types\/product"}],"wp:featuredmedia":[{"embeddable":true,"href":"https:\/\/hortacentreveterinari.com\/tienda\/wp-json\/wp\/v2\/media\/5598"}],"wp:attachment":[{"href":"https:\/\/hortacentreveterinari.com\/tienda\/wp-json\/wp\/v2\/media?parent=5597"}],"wp:term":[{"taxonomy":"product_cat","embeddable":true,"href":"https:\/\/hortacentreveterinari.com\/tienda\/wp-json\/wp\/v2\/product_cat?post=5597"},{"taxonomy":"product_tag","embeddable":true,"href":"https:\/\/hortacentreveterinari.com\/tienda\/wp-json\/wp\/v2\/product_tag?post=5597"}],"curies":[{"name":"wp","href":"https:\/\/api.w.org\/{rel}","templated":true}]}}