{"id":5534,"date":"2023-04-10T20:17:35","date_gmt":"2023-04-10T20:17:35","guid":{"rendered":"https:\/\/hortacentreveterinari.com\/tienda\/?post_type=product&#038;p=5534"},"modified":"2023-04-12T07:37:48","modified_gmt":"2023-04-12T07:37:48","slug":"naturs-variety-selected-sterilized-gato-adult-125kg","status":"publish","type":"product","link":"https:\/\/hortacentreveterinari.com\/tienda\/producto\/naturs-variety-selected-sterilized-gato-adult-125kg\/","title":{"rendered":"Natur&#8217;s Variety selected sterilized Gato adult 1,25kg"},"content":{"rendered":"<p>Alimento completo y equilibrado para gatos adultos, sin cereales.<br \/>\nElaborado con carne de pollo campero deshuesada como principal ingrediente. Complementado con frutas, verduras, superalimentos y fuentes naturales de carbohidratos alternativos.<\/p>\n","protected":false},"excerpt":{"rendered":"<p>Lecho ecol\u00f3gico universal pensado para todo tipo de animales: conejos, cobayas, peque\u00f1os roedores, gatos, p\u00e1jaros, &#8230;<\/p>\n","protected":false},"featured_media":5535,"template":"","meta":{"site-sidebar-layout":"default","site-content-layout":"default","ast-site-content-layout":"","site-content-style":"default","site-sidebar-style":"default","ast-global-header-display":"","ast-banner-title-visibility":"","ast-main-header-display":"","ast-hfb-above-header-display":"","ast-hfb-below-header-display":"","ast-hfb-mobile-header-display":"","site-post-title":"","ast-breadcrumbs-content":"","ast-featured-img":"","footer-sml-layout":"","theme-transparent-header-meta":"default","adv-header-id-meta":"","stick-header-meta":"","header-above-stick-meta":"","header-main-stick-meta":"","header-below-stick-meta":"","astra-migrate-meta-layouts":"default","ast-page-background-enabled":"default","ast-page-background-meta":{"desktop":{"background-color":"","background-image":"","background-repeat":"repeat","background-position":"center center","background-size":"auto","background-attachment":"scroll","background-type":"","background-media":"","overlay-type":"","overlay-color":"","overlay-gradient":""},"tablet":{"background-color":"","background-image":"","background-repeat":"repeat","background-position":"center center","background-size":"auto","background-attachment":"scroll","background-type":"","background-media":"","overlay-type":"","overlay-color":"","overlay-gradient":""},"mobile":{"background-color":"","background-image":"","background-repeat":"repeat","background-position":"center center","background-size":"auto","background-attachment":"scroll","background-type":"","background-media":"","overlay-type":"","overlay-color":"","overlay-gradient":""}},"ast-content-background-meta":{"desktop":{"background-color":"var(--ast-global-color-5)","background-image":"","background-repeat":"repeat","background-position":"center center","background-size":"auto","background-attachment":"scroll","background-type":"","background-media":"","overlay-type":"","overlay-color":"","overlay-gradient":""},"tablet":{"background-color":"var(--ast-global-color-5)","background-image":"","background-repeat":"repeat","background-position":"center center","background-size":"auto","background-attachment":"scroll","background-type":"","background-media":"","overlay-type":"","overlay-color":"","overlay-gradient":""},"mobile":{"background-color":"var(--ast-global-color-5)","background-image":"","background-repeat":"repeat","background-position":"center center","background-size":"auto","background-attachment":"scroll","background-type":"","background-media":"","overlay-type":"","overlay-color":"","overlay-gradient":""}}},"product_cat":[48,63],"product_tag":[62,61],"class_list":{"0":"post-5534","1":"product","2":"type-product","3":"status-publish","4":"has-post-thumbnail","6":"product_cat-gatos","7":"product_cat-nature-s-variety","8":"product_tag-nature-s-variety","9":"product_tag-natures-variety","10":"desktop-align-center","11":"tablet-align-center","12":"mobile-align-center","14":"first","15":"instock","16":"featured","17":"taxable","18":"shipping-taxable","19":"purchasable","20":"product-type-simple"},"yoast_head":"<!-- This site is optimized with the Yoast SEO plugin v22.6 - https:\/\/yoast.com\/wordpress\/plugins\/seo\/ -->\n<title>Natur&#039;s Variety selected sterilized Gato adult 1,25kg - Horta Centre Veterinari<\/title>\n<meta name=\"robots\" content=\"index, follow, max-snippet:-1, max-image-preview:large, max-video-preview:-1\" \/>\n<link rel=\"canonical\" href=\"https:\/\/hortacentreveterinari.com\/tienda\/producto\/naturs-variety-selected-sterilized-gato-adult-125kg\/\" \/>\n<meta property=\"og:locale\" content=\"es_ES\" \/>\n<meta property=\"og:type\" content=\"article\" \/>\n<meta property=\"og:title\" content=\"Natur&#039;s Variety selected sterilized Gato adult 1,25kg - Horta Centre Veterinari\" \/>\n<meta property=\"og:description\" content=\"Lecho ecol\u00f3gico universal pensado para todo tipo de animales: conejos, cobayas, peque\u00f1os roedores, gatos, p\u00e1jaros, ...\" \/>\n<meta property=\"og:url\" content=\"https:\/\/hortacentreveterinari.com\/tienda\/producto\/naturs-variety-selected-sterilized-gato-adult-125kg\/\" \/>\n<meta property=\"og:site_name\" content=\"Horta Centre Veterinari\" \/>\n<meta property=\"article:modified_time\" content=\"2023-04-12T07:37:48+00:00\" \/>\n<meta property=\"og:image\" content=\"https:\/\/hortacentreveterinari.com\/tienda\/wp-content\/uploads\/2023\/04\/largeImage.png\" \/>\n\t<meta property=\"og:image:width\" content=\"1024\" \/>\n\t<meta property=\"og:image:height\" content=\"1388\" \/>\n\t<meta property=\"og:image:type\" content=\"image\/png\" \/>\n<meta name=\"twitter:card\" content=\"summary_large_image\" \/>\n<script type=\"application\/ld+json\" class=\"yoast-schema-graph\">{\"@context\":\"https:\/\/schema.org\",\"@graph\":[{\"@type\":\"WebPage\",\"@id\":\"https:\/\/hortacentreveterinari.com\/tienda\/producto\/naturs-variety-selected-sterilized-gato-adult-125kg\/\",\"url\":\"https:\/\/hortacentreveterinari.com\/tienda\/producto\/naturs-variety-selected-sterilized-gato-adult-125kg\/\",\"name\":\"Natur's Variety selected sterilized Gato adult 1,25kg - Horta Centre Veterinari\",\"isPartOf\":{\"@id\":\"https:\/\/hortacentreveterinari.com\/tienda\/#website\"},\"primaryImageOfPage\":{\"@id\":\"https:\/\/hortacentreveterinari.com\/tienda\/producto\/naturs-variety-selected-sterilized-gato-adult-125kg\/#primaryimage\"},\"image\":{\"@id\":\"https:\/\/hortacentreveterinari.com\/tienda\/producto\/naturs-variety-selected-sterilized-gato-adult-125kg\/#primaryimage\"},\"thumbnailUrl\":\"https:\/\/hortacentreveterinari.com\/tienda\/wp-content\/uploads\/2023\/04\/largeImage.png\",\"datePublished\":\"2023-04-10T20:17:35+00:00\",\"dateModified\":\"2023-04-12T07:37:48+00:00\",\"breadcrumb\":{\"@id\":\"https:\/\/hortacentreveterinari.com\/tienda\/producto\/naturs-variety-selected-sterilized-gato-adult-125kg\/#breadcrumb\"},\"inLanguage\":\"es\",\"potentialAction\":[{\"@type\":\"ReadAction\",\"target\":[\"https:\/\/hortacentreveterinari.com\/tienda\/producto\/naturs-variety-selected-sterilized-gato-adult-125kg\/\"]}]},{\"@type\":\"ImageObject\",\"inLanguage\":\"es\",\"@id\":\"https:\/\/hortacentreveterinari.com\/tienda\/producto\/naturs-variety-selected-sterilized-gato-adult-125kg\/#primaryimage\",\"url\":\"https:\/\/hortacentreveterinari.com\/tienda\/wp-content\/uploads\/2023\/04\/largeImage.png\",\"contentUrl\":\"https:\/\/hortacentreveterinari.com\/tienda\/wp-content\/uploads\/2023\/04\/largeImage.png\",\"width\":1024,\"height\":1388},{\"@type\":\"BreadcrumbList\",\"@id\":\"https:\/\/hortacentreveterinari.com\/tienda\/producto\/naturs-variety-selected-sterilized-gato-adult-125kg\/#breadcrumb\",\"itemListElement\":[{\"@type\":\"ListItem\",\"position\":1,\"name\":\"Portada\",\"item\":\"https:\/\/hortacentreveterinari.com\/tienda\/\"},{\"@type\":\"ListItem\",\"position\":2,\"name\":\"Tienda\",\"item\":\"https:\/\/hortacentreveterinari.com\/tienda\/tienda\/\"},{\"@type\":\"ListItem\",\"position\":3,\"name\":\"Natur&#8217;s Variety selected sterilized Gato adult 1,25kg\"}]},{\"@type\":\"WebSite\",\"@id\":\"https:\/\/hortacentreveterinari.com\/tienda\/#website\",\"url\":\"https:\/\/hortacentreveterinari.com\/tienda\/\",\"name\":\"Horta Centre Veterinari\",\"description\":\"Tienda online\",\"publisher\":{\"@id\":\"https:\/\/hortacentreveterinari.com\/tienda\/#organization\"},\"potentialAction\":[{\"@type\":\"SearchAction\",\"target\":{\"@type\":\"EntryPoint\",\"urlTemplate\":\"https:\/\/hortacentreveterinari.com\/tienda\/?s={search_term_string}\"},\"query-input\":\"required name=search_term_string\"}],\"inLanguage\":\"es\"},{\"@type\":\"Organization\",\"@id\":\"https:\/\/hortacentreveterinari.com\/tienda\/#organization\",\"name\":\"Horta Centre Veterinari\",\"url\":\"https:\/\/hortacentreveterinari.com\/tienda\/\",\"logo\":{\"@type\":\"ImageObject\",\"inLanguage\":\"es\",\"@id\":\"https:\/\/hortacentreveterinari.com\/tienda\/#\/schema\/logo\/image\/\",\"url\":\"https:\/\/hortacentreveterinari.com\/tienda\/wp-content\/uploads\/2023\/04\/horta-centre-veterinari-logo.png\",\"contentUrl\":\"https:\/\/hortacentreveterinari.com\/tienda\/wp-content\/uploads\/2023\/04\/horta-centre-veterinari-logo.png\",\"width\":239,\"height\":157,\"caption\":\"Horta Centre Veterinari\"},\"image\":{\"@id\":\"https:\/\/hortacentreveterinari.com\/tienda\/#\/schema\/logo\/image\/\"}}]}<\/script>\n<!-- \/ Yoast SEO plugin. -->","yoast_head_json":{"title":"Natur's Variety selected sterilized Gato adult 1,25kg - Horta Centre Veterinari","robots":{"index":"index","follow":"follow","max-snippet":"max-snippet:-1","max-image-preview":"max-image-preview:large","max-video-preview":"max-video-preview:-1"},"canonical":"https:\/\/hortacentreveterinari.com\/tienda\/producto\/naturs-variety-selected-sterilized-gato-adult-125kg\/","og_locale":"es_ES","og_type":"article","og_title":"Natur's Variety selected sterilized Gato adult 1,25kg - Horta Centre Veterinari","og_description":"Lecho ecol\u00f3gico universal pensado para todo tipo de animales: conejos, cobayas, peque\u00f1os roedores, gatos, p\u00e1jaros, ...","og_url":"https:\/\/hortacentreveterinari.com\/tienda\/producto\/naturs-variety-selected-sterilized-gato-adult-125kg\/","og_site_name":"Horta Centre Veterinari","article_modified_time":"2023-04-12T07:37:48+00:00","og_image":[{"width":1024,"height":1388,"url":"https:\/\/hortacentreveterinari.com\/tienda\/wp-content\/uploads\/2023\/04\/largeImage.png","type":"image\/png"}],"twitter_card":"summary_large_image","schema":{"@context":"https:\/\/schema.org","@graph":[{"@type":"WebPage","@id":"https:\/\/hortacentreveterinari.com\/tienda\/producto\/naturs-variety-selected-sterilized-gato-adult-125kg\/","url":"https:\/\/hortacentreveterinari.com\/tienda\/producto\/naturs-variety-selected-sterilized-gato-adult-125kg\/","name":"Natur's Variety selected sterilized Gato adult 1,25kg - Horta Centre Veterinari","isPartOf":{"@id":"https:\/\/hortacentreveterinari.com\/tienda\/#website"},"primaryImageOfPage":{"@id":"https:\/\/hortacentreveterinari.com\/tienda\/producto\/naturs-variety-selected-sterilized-gato-adult-125kg\/#primaryimage"},"image":{"@id":"https:\/\/hortacentreveterinari.com\/tienda\/producto\/naturs-variety-selected-sterilized-gato-adult-125kg\/#primaryimage"},"thumbnailUrl":"https:\/\/hortacentreveterinari.com\/tienda\/wp-content\/uploads\/2023\/04\/largeImage.png","datePublished":"2023-04-10T20:17:35+00:00","dateModified":"2023-04-12T07:37:48+00:00","breadcrumb":{"@id":"https:\/\/hortacentreveterinari.com\/tienda\/producto\/naturs-variety-selected-sterilized-gato-adult-125kg\/#breadcrumb"},"inLanguage":"es","potentialAction":[{"@type":"ReadAction","target":["https:\/\/hortacentreveterinari.com\/tienda\/producto\/naturs-variety-selected-sterilized-gato-adult-125kg\/"]}]},{"@type":"ImageObject","inLanguage":"es","@id":"https:\/\/hortacentreveterinari.com\/tienda\/producto\/naturs-variety-selected-sterilized-gato-adult-125kg\/#primaryimage","url":"https:\/\/hortacentreveterinari.com\/tienda\/wp-content\/uploads\/2023\/04\/largeImage.png","contentUrl":"https:\/\/hortacentreveterinari.com\/tienda\/wp-content\/uploads\/2023\/04\/largeImage.png","width":1024,"height":1388},{"@type":"BreadcrumbList","@id":"https:\/\/hortacentreveterinari.com\/tienda\/producto\/naturs-variety-selected-sterilized-gato-adult-125kg\/#breadcrumb","itemListElement":[{"@type":"ListItem","position":1,"name":"Portada","item":"https:\/\/hortacentreveterinari.com\/tienda\/"},{"@type":"ListItem","position":2,"name":"Tienda","item":"https:\/\/hortacentreveterinari.com\/tienda\/tienda\/"},{"@type":"ListItem","position":3,"name":"Natur&#8217;s Variety selected sterilized Gato adult 1,25kg"}]},{"@type":"WebSite","@id":"https:\/\/hortacentreveterinari.com\/tienda\/#website","url":"https:\/\/hortacentreveterinari.com\/tienda\/","name":"Horta Centre Veterinari","description":"Tienda online","publisher":{"@id":"https:\/\/hortacentreveterinari.com\/tienda\/#organization"},"potentialAction":[{"@type":"SearchAction","target":{"@type":"EntryPoint","urlTemplate":"https:\/\/hortacentreveterinari.com\/tienda\/?s={search_term_string}"},"query-input":"required name=search_term_string"}],"inLanguage":"es"},{"@type":"Organization","@id":"https:\/\/hortacentreveterinari.com\/tienda\/#organization","name":"Horta Centre Veterinari","url":"https:\/\/hortacentreveterinari.com\/tienda\/","logo":{"@type":"ImageObject","inLanguage":"es","@id":"https:\/\/hortacentreveterinari.com\/tienda\/#\/schema\/logo\/image\/","url":"https:\/\/hortacentreveterinari.com\/tienda\/wp-content\/uploads\/2023\/04\/horta-centre-veterinari-logo.png","contentUrl":"https:\/\/hortacentreveterinari.com\/tienda\/wp-content\/uploads\/2023\/04\/horta-centre-veterinari-logo.png","width":239,"height":157,"caption":"Horta Centre Veterinari"},"image":{"@id":"https:\/\/hortacentreveterinari.com\/tienda\/#\/schema\/logo\/image\/"}}]}},"_links":{"self":[{"href":"https:\/\/hortacentreveterinari.com\/tienda\/wp-json\/wp\/v2\/product\/5534","targetHints":{"allow":["GET"]}}],"collection":[{"href":"https:\/\/hortacentreveterinari.com\/tienda\/wp-json\/wp\/v2\/product"}],"about":[{"href":"https:\/\/hortacentreveterinari.com\/tienda\/wp-json\/wp\/v2\/types\/product"}],"wp:featuredmedia":[{"embeddable":true,"href":"https:\/\/hortacentreveterinari.com\/tienda\/wp-json\/wp\/v2\/media\/5535"}],"wp:attachment":[{"href":"https:\/\/hortacentreveterinari.com\/tienda\/wp-json\/wp\/v2\/media?parent=5534"}],"wp:term":[{"taxonomy":"product_cat","embeddable":true,"href":"https:\/\/hortacentreveterinari.com\/tienda\/wp-json\/wp\/v2\/product_cat?post=5534"},{"taxonomy":"product_tag","embeddable":true,"href":"https:\/\/hortacentreveterinari.com\/tienda\/wp-json\/wp\/v2\/product_tag?post=5534"}],"curies":[{"name":"wp","href":"https:\/\/api.w.org\/{rel}","templated":true}]}}