{"id":245,"date":"2018-06-20T07:25:44","date_gmt":"2018-06-20T07:25:44","guid":{"rendered":"https:\/\/hortacentreveterinari.com\/tienda\/producto\/handpicked-red-chillies\/"},"modified":"2023-04-10T20:09:45","modified_gmt":"2023-04-10T20:09:45","slug":"hills-vet-essentials-neuteredcat-alimento-para-gatos-jovenes-adultos-con-pollo","status":"publish","type":"product","link":"https:\/\/hortacentreveterinari.com\/tienda\/producto\/hills-vet-essentials-neuteredcat-alimento-para-gatos-jovenes-adultos-con-pollo\/","title":{"rendered":"Hill&#8217;s VET ESSENTIALS NEUTEREDCAT alimento para gatos j\u00f3venes adultos con pollo 8kg"},"content":{"rendered":"<p>Hill&#8217;s VET ESSENTIALS NEUTEREDCAT alimento para gatos j\u00f3venes con pollo es un alimento completo para gatos adultos esterilizados. Proporciona el equilibrio nutricional preciso de energ\u00eda, prote\u00ednas, vitaminas y minerales. Sin conservar artificialmente. Sin colorantes sint\u00e9ticos. Sin saborizantes artificiales.<\/p>\n","protected":false},"excerpt":{"rendered":"<p>Hill&#8217;s VET ESSENTIALS NEUTEREDCAT alimento para gatos j\u00f3venes con pollo es un alimento completo para gatos adultos esterilizados. Proporciona el equilibrio nutricional preciso de energ\u00eda, prote\u00ednas, vitaminas y minerales. Sin conservar artificialmente. Sin colorantes sint\u00e9ticos. Sin saborizantes artificiales.<\/p>\n","protected":false},"featured_media":5516,"template":"","meta":{"site-sidebar-layout":"default","site-content-layout":"default","ast-site-content-layout":"","site-content-style":"default","site-sidebar-style":"default","ast-global-header-display":"","ast-banner-title-visibility":"","ast-main-header-display":"","ast-hfb-above-header-display":"","ast-hfb-below-header-display":"","ast-hfb-mobile-header-display":"","site-post-title":"","ast-breadcrumbs-content":"","ast-featured-img":"","footer-sml-layout":"","theme-transparent-header-meta":"default","adv-header-id-meta":"","stick-header-meta":"","header-above-stick-meta":"","header-main-stick-meta":"","header-below-stick-meta":"","astra-migrate-meta-layouts":"default","ast-page-background-enabled":"default","ast-page-background-meta":{"desktop":{"background-color":"","background-image":"","background-repeat":"repeat","background-position":"center center","background-size":"auto","background-attachment":"scroll","background-type":"","background-media":"","overlay-type":"","overlay-color":"","overlay-gradient":""},"tablet":{"background-color":"","background-image":"","background-repeat":"repeat","background-position":"center center","background-size":"auto","background-attachment":"scroll","background-type":"","background-media":"","overlay-type":"","overlay-color":"","overlay-gradient":""},"mobile":{"background-color":"","background-image":"","background-repeat":"repeat","background-position":"center center","background-size":"auto","background-attachment":"scroll","background-type":"","background-media":"","overlay-type":"","overlay-color":"","overlay-gradient":""}},"ast-content-background-meta":{"desktop":{"background-color":"var(--ast-global-color-5)","background-image":"","background-repeat":"repeat","background-position":"center center","background-size":"auto","background-attachment":"scroll","background-type":"","background-media":"","overlay-type":"","overlay-color":"","overlay-gradient":""},"tablet":{"background-color":"var(--ast-global-color-5)","background-image":"","background-repeat":"repeat","background-position":"center center","background-size":"auto","background-attachment":"scroll","background-type":"","background-media":"","overlay-type":"","overlay-color":"","overlay-gradient":""},"mobile":{"background-color":"var(--ast-global-color-5)","background-image":"","background-repeat":"repeat","background-position":"center center","background-size":"auto","background-attachment":"scroll","background-type":"","background-media":"","overlay-type":"","overlay-color":"","overlay-gradient":""}}},"product_cat":[48,57],"product_tag":[],"class_list":{"0":"post-245","1":"product","2":"type-product","3":"status-publish","4":"has-post-thumbnail","6":"product_cat-gatos","7":"product_cat-hills","8":"desktop-align-center","9":"tablet-align-center","10":"mobile-align-center","12":"first","13":"instock","14":"featured","15":"taxable","16":"shipping-taxable","17":"purchasable","18":"product-type-simple"},"yoast_head":"<!-- This site is optimized with the Yoast SEO plugin v22.6 - https:\/\/yoast.com\/wordpress\/plugins\/seo\/ -->\n<title>Hill&#039;s VET ESSENTIALS NEUTEREDCAT alimento para gatos j\u00f3venes adultos con pollo 8kg - Horta Centre Veterinari<\/title>\n<meta name=\"robots\" content=\"index, follow, max-snippet:-1, max-image-preview:large, max-video-preview:-1\" \/>\n<link rel=\"canonical\" href=\"https:\/\/hortacentreveterinari.com\/tienda\/producto\/hills-vet-essentials-neuteredcat-alimento-para-gatos-jovenes-adultos-con-pollo\/\" \/>\n<meta property=\"og:locale\" content=\"es_ES\" \/>\n<meta property=\"og:type\" content=\"article\" \/>\n<meta property=\"og:title\" content=\"Hill&#039;s VET ESSENTIALS NEUTEREDCAT alimento para gatos j\u00f3venes adultos con pollo 8kg - Horta Centre Veterinari\" \/>\n<meta property=\"og:description\" content=\"Hill&#039;s VET ESSENTIALS NEUTEREDCAT alimento para gatos j\u00f3venes con pollo es un alimento completo para gatos adultos esterilizados. Proporciona el equilibrio nutricional preciso de energ\u00eda, prote\u00ednas, vitaminas y minerales. Sin conservar artificialmente. Sin colorantes sint\u00e9ticos. Sin saborizantes artificiales.\" \/>\n<meta property=\"og:url\" content=\"https:\/\/hortacentreveterinari.com\/tienda\/producto\/hills-vet-essentials-neuteredcat-alimento-para-gatos-jovenes-adultos-con-pollo\/\" \/>\n<meta property=\"og:site_name\" content=\"Horta Centre Veterinari\" \/>\n<meta property=\"article:modified_time\" content=\"2023-04-10T20:09:45+00:00\" \/>\n<meta property=\"og:image\" content=\"https:\/\/hortacentreveterinari.com\/tienda\/wp-content\/uploads\/2018\/06\/horta-centre-veterinari-hills-gato.jpg\" \/>\n\t<meta property=\"og:image:width\" content=\"800\" \/>\n\t<meta property=\"og:image:height\" content=\"800\" \/>\n\t<meta property=\"og:image:type\" content=\"image\/jpeg\" \/>\n<meta name=\"twitter:card\" content=\"summary_large_image\" \/>\n<script type=\"application\/ld+json\" class=\"yoast-schema-graph\">{\"@context\":\"https:\/\/schema.org\",\"@graph\":[{\"@type\":\"WebPage\",\"@id\":\"https:\/\/hortacentreveterinari.com\/tienda\/producto\/hills-vet-essentials-neuteredcat-alimento-para-gatos-jovenes-adultos-con-pollo\/\",\"url\":\"https:\/\/hortacentreveterinari.com\/tienda\/producto\/hills-vet-essentials-neuteredcat-alimento-para-gatos-jovenes-adultos-con-pollo\/\",\"name\":\"Hill's VET ESSENTIALS NEUTEREDCAT alimento para gatos j\u00f3venes adultos con pollo 8kg - Horta Centre Veterinari\",\"isPartOf\":{\"@id\":\"https:\/\/hortacentreveterinari.com\/tienda\/#website\"},\"primaryImageOfPage\":{\"@id\":\"https:\/\/hortacentreveterinari.com\/tienda\/producto\/hills-vet-essentials-neuteredcat-alimento-para-gatos-jovenes-adultos-con-pollo\/#primaryimage\"},\"image\":{\"@id\":\"https:\/\/hortacentreveterinari.com\/tienda\/producto\/hills-vet-essentials-neuteredcat-alimento-para-gatos-jovenes-adultos-con-pollo\/#primaryimage\"},\"thumbnailUrl\":\"https:\/\/hortacentreveterinari.com\/tienda\/wp-content\/uploads\/2018\/06\/horta-centre-veterinari-hills-gato.jpg\",\"datePublished\":\"2018-06-20T07:25:44+00:00\",\"dateModified\":\"2023-04-10T20:09:45+00:00\",\"breadcrumb\":{\"@id\":\"https:\/\/hortacentreveterinari.com\/tienda\/producto\/hills-vet-essentials-neuteredcat-alimento-para-gatos-jovenes-adultos-con-pollo\/#breadcrumb\"},\"inLanguage\":\"es\",\"potentialAction\":[{\"@type\":\"ReadAction\",\"target\":[\"https:\/\/hortacentreveterinari.com\/tienda\/producto\/hills-vet-essentials-neuteredcat-alimento-para-gatos-jovenes-adultos-con-pollo\/\"]}]},{\"@type\":\"ImageObject\",\"inLanguage\":\"es\",\"@id\":\"https:\/\/hortacentreveterinari.com\/tienda\/producto\/hills-vet-essentials-neuteredcat-alimento-para-gatos-jovenes-adultos-con-pollo\/#primaryimage\",\"url\":\"https:\/\/hortacentreveterinari.com\/tienda\/wp-content\/uploads\/2018\/06\/horta-centre-veterinari-hills-gato.jpg\",\"contentUrl\":\"https:\/\/hortacentreveterinari.com\/tienda\/wp-content\/uploads\/2018\/06\/horta-centre-veterinari-hills-gato.jpg\",\"width\":800,\"height\":800},{\"@type\":\"BreadcrumbList\",\"@id\":\"https:\/\/hortacentreveterinari.com\/tienda\/producto\/hills-vet-essentials-neuteredcat-alimento-para-gatos-jovenes-adultos-con-pollo\/#breadcrumb\",\"itemListElement\":[{\"@type\":\"ListItem\",\"position\":1,\"name\":\"Portada\",\"item\":\"https:\/\/hortacentreveterinari.com\/tienda\/\"},{\"@type\":\"ListItem\",\"position\":2,\"name\":\"Tienda\",\"item\":\"https:\/\/hortacentreveterinari.com\/tienda\/tienda\/\"},{\"@type\":\"ListItem\",\"position\":3,\"name\":\"Hill&#8217;s VET ESSENTIALS NEUTEREDCAT alimento para gatos j\u00f3venes adultos con pollo 8kg\"}]},{\"@type\":\"WebSite\",\"@id\":\"https:\/\/hortacentreveterinari.com\/tienda\/#website\",\"url\":\"https:\/\/hortacentreveterinari.com\/tienda\/\",\"name\":\"Horta Centre Veterinari\",\"description\":\"Tienda online\",\"publisher\":{\"@id\":\"https:\/\/hortacentreveterinari.com\/tienda\/#organization\"},\"potentialAction\":[{\"@type\":\"SearchAction\",\"target\":{\"@type\":\"EntryPoint\",\"urlTemplate\":\"https:\/\/hortacentreveterinari.com\/tienda\/?s={search_term_string}\"},\"query-input\":\"required name=search_term_string\"}],\"inLanguage\":\"es\"},{\"@type\":\"Organization\",\"@id\":\"https:\/\/hortacentreveterinari.com\/tienda\/#organization\",\"name\":\"Horta Centre Veterinari\",\"url\":\"https:\/\/hortacentreveterinari.com\/tienda\/\",\"logo\":{\"@type\":\"ImageObject\",\"inLanguage\":\"es\",\"@id\":\"https:\/\/hortacentreveterinari.com\/tienda\/#\/schema\/logo\/image\/\",\"url\":\"https:\/\/hortacentreveterinari.com\/tienda\/wp-content\/uploads\/2023\/04\/horta-centre-veterinari-logo.png\",\"contentUrl\":\"https:\/\/hortacentreveterinari.com\/tienda\/wp-content\/uploads\/2023\/04\/horta-centre-veterinari-logo.png\",\"width\":239,\"height\":157,\"caption\":\"Horta Centre Veterinari\"},\"image\":{\"@id\":\"https:\/\/hortacentreveterinari.com\/tienda\/#\/schema\/logo\/image\/\"}}]}<\/script>\n<!-- \/ Yoast SEO plugin. -->","yoast_head_json":{"title":"Hill's VET ESSENTIALS NEUTEREDCAT alimento para gatos j\u00f3venes adultos con pollo 8kg - Horta Centre Veterinari","robots":{"index":"index","follow":"follow","max-snippet":"max-snippet:-1","max-image-preview":"max-image-preview:large","max-video-preview":"max-video-preview:-1"},"canonical":"https:\/\/hortacentreveterinari.com\/tienda\/producto\/hills-vet-essentials-neuteredcat-alimento-para-gatos-jovenes-adultos-con-pollo\/","og_locale":"es_ES","og_type":"article","og_title":"Hill's VET ESSENTIALS NEUTEREDCAT alimento para gatos j\u00f3venes adultos con pollo 8kg - Horta Centre Veterinari","og_description":"Hill's VET ESSENTIALS NEUTEREDCAT alimento para gatos j\u00f3venes con pollo es un alimento completo para gatos adultos esterilizados. Proporciona el equilibrio nutricional preciso de energ\u00eda, prote\u00ednas, vitaminas y minerales. Sin conservar artificialmente. Sin colorantes sint\u00e9ticos. Sin saborizantes artificiales.","og_url":"https:\/\/hortacentreveterinari.com\/tienda\/producto\/hills-vet-essentials-neuteredcat-alimento-para-gatos-jovenes-adultos-con-pollo\/","og_site_name":"Horta Centre Veterinari","article_modified_time":"2023-04-10T20:09:45+00:00","og_image":[{"width":800,"height":800,"url":"https:\/\/hortacentreveterinari.com\/tienda\/wp-content\/uploads\/2018\/06\/horta-centre-veterinari-hills-gato.jpg","type":"image\/jpeg"}],"twitter_card":"summary_large_image","schema":{"@context":"https:\/\/schema.org","@graph":[{"@type":"WebPage","@id":"https:\/\/hortacentreveterinari.com\/tienda\/producto\/hills-vet-essentials-neuteredcat-alimento-para-gatos-jovenes-adultos-con-pollo\/","url":"https:\/\/hortacentreveterinari.com\/tienda\/producto\/hills-vet-essentials-neuteredcat-alimento-para-gatos-jovenes-adultos-con-pollo\/","name":"Hill's VET ESSENTIALS NEUTEREDCAT alimento para gatos j\u00f3venes adultos con pollo 8kg - Horta Centre Veterinari","isPartOf":{"@id":"https:\/\/hortacentreveterinari.com\/tienda\/#website"},"primaryImageOfPage":{"@id":"https:\/\/hortacentreveterinari.com\/tienda\/producto\/hills-vet-essentials-neuteredcat-alimento-para-gatos-jovenes-adultos-con-pollo\/#primaryimage"},"image":{"@id":"https:\/\/hortacentreveterinari.com\/tienda\/producto\/hills-vet-essentials-neuteredcat-alimento-para-gatos-jovenes-adultos-con-pollo\/#primaryimage"},"thumbnailUrl":"https:\/\/hortacentreveterinari.com\/tienda\/wp-content\/uploads\/2018\/06\/horta-centre-veterinari-hills-gato.jpg","datePublished":"2018-06-20T07:25:44+00:00","dateModified":"2023-04-10T20:09:45+00:00","breadcrumb":{"@id":"https:\/\/hortacentreveterinari.com\/tienda\/producto\/hills-vet-essentials-neuteredcat-alimento-para-gatos-jovenes-adultos-con-pollo\/#breadcrumb"},"inLanguage":"es","potentialAction":[{"@type":"ReadAction","target":["https:\/\/hortacentreveterinari.com\/tienda\/producto\/hills-vet-essentials-neuteredcat-alimento-para-gatos-jovenes-adultos-con-pollo\/"]}]},{"@type":"ImageObject","inLanguage":"es","@id":"https:\/\/hortacentreveterinari.com\/tienda\/producto\/hills-vet-essentials-neuteredcat-alimento-para-gatos-jovenes-adultos-con-pollo\/#primaryimage","url":"https:\/\/hortacentreveterinari.com\/tienda\/wp-content\/uploads\/2018\/06\/horta-centre-veterinari-hills-gato.jpg","contentUrl":"https:\/\/hortacentreveterinari.com\/tienda\/wp-content\/uploads\/2018\/06\/horta-centre-veterinari-hills-gato.jpg","width":800,"height":800},{"@type":"BreadcrumbList","@id":"https:\/\/hortacentreveterinari.com\/tienda\/producto\/hills-vet-essentials-neuteredcat-alimento-para-gatos-jovenes-adultos-con-pollo\/#breadcrumb","itemListElement":[{"@type":"ListItem","position":1,"name":"Portada","item":"https:\/\/hortacentreveterinari.com\/tienda\/"},{"@type":"ListItem","position":2,"name":"Tienda","item":"https:\/\/hortacentreveterinari.com\/tienda\/tienda\/"},{"@type":"ListItem","position":3,"name":"Hill&#8217;s VET ESSENTIALS NEUTEREDCAT alimento para gatos j\u00f3venes adultos con pollo 8kg"}]},{"@type":"WebSite","@id":"https:\/\/hortacentreveterinari.com\/tienda\/#website","url":"https:\/\/hortacentreveterinari.com\/tienda\/","name":"Horta Centre Veterinari","description":"Tienda online","publisher":{"@id":"https:\/\/hortacentreveterinari.com\/tienda\/#organization"},"potentialAction":[{"@type":"SearchAction","target":{"@type":"EntryPoint","urlTemplate":"https:\/\/hortacentreveterinari.com\/tienda\/?s={search_term_string}"},"query-input":"required name=search_term_string"}],"inLanguage":"es"},{"@type":"Organization","@id":"https:\/\/hortacentreveterinari.com\/tienda\/#organization","name":"Horta Centre Veterinari","url":"https:\/\/hortacentreveterinari.com\/tienda\/","logo":{"@type":"ImageObject","inLanguage":"es","@id":"https:\/\/hortacentreveterinari.com\/tienda\/#\/schema\/logo\/image\/","url":"https:\/\/hortacentreveterinari.com\/tienda\/wp-content\/uploads\/2023\/04\/horta-centre-veterinari-logo.png","contentUrl":"https:\/\/hortacentreveterinari.com\/tienda\/wp-content\/uploads\/2023\/04\/horta-centre-veterinari-logo.png","width":239,"height":157,"caption":"Horta Centre Veterinari"},"image":{"@id":"https:\/\/hortacentreveterinari.com\/tienda\/#\/schema\/logo\/image\/"}}]}},"_links":{"self":[{"href":"https:\/\/hortacentreveterinari.com\/tienda\/wp-json\/wp\/v2\/product\/245","targetHints":{"allow":["GET"]}}],"collection":[{"href":"https:\/\/hortacentreveterinari.com\/tienda\/wp-json\/wp\/v2\/product"}],"about":[{"href":"https:\/\/hortacentreveterinari.com\/tienda\/wp-json\/wp\/v2\/types\/product"}],"wp:featuredmedia":[{"embeddable":true,"href":"https:\/\/hortacentreveterinari.com\/tienda\/wp-json\/wp\/v2\/media\/5516"}],"wp:attachment":[{"href":"https:\/\/hortacentreveterinari.com\/tienda\/wp-json\/wp\/v2\/media?parent=245"}],"wp:term":[{"taxonomy":"product_cat","embeddable":true,"href":"https:\/\/hortacentreveterinari.com\/tienda\/wp-json\/wp\/v2\/product_cat?post=245"},{"taxonomy":"product_tag","embeddable":true,"href":"https:\/\/hortacentreveterinari.com\/tienda\/wp-json\/wp\/v2\/product_tag?post=245"}],"curies":[{"name":"wp","href":"https:\/\/api.w.org\/{rel}","templated":true}]}}