{"id":243,"date":"2018-06-20T07:16:56","date_gmt":"2018-06-20T07:16:56","guid":{"rendered":"https:\/\/hortacentreveterinari.com\/tienda\/producto\/pulses-from-organic-farm\/"},"modified":"2023-04-10T20:08:33","modified_gmt":"2023-04-10T20:08:33","slug":"royal-canin-feline-sensible-33-400-gr","status":"publish","type":"product","link":"https:\/\/hortacentreveterinari.com\/tienda\/producto\/royal-canin-feline-sensible-33-400-gr\/","title":{"rendered":"Royal Canin Feline Sensible 33 400 gr"},"content":{"rendered":"<p>Algunos gatos tienen sensibilidad digestiva. Si ese es el caso de tu gato, es posible que debas cambiar su alimento por uno adaptado a esta sensibilidad. Sensible 33 de ROYAL CANIN\u00ae est\u00e1 indicado para gatos adultos de entre 1 y 7 a\u00f1os y ha sido especialmente formulado para aquellos gatos que muestran sensibilidad digestiva. Aporta una combinaci\u00f3n exclusiva de nutrientes para favorecer una seguridad digestiva \u00f3ptima. Sensible 33 de ROYAL CANIN\u00ae es muy palatable, contiene croquetas de tres formas diferentes y aromas minuciosamente seleccionados para estimular la ingesta de alimento y facilitar la digesti\u00f3n en los gatos sensibles. Adem\u00e1s, Sensible 33 de ROYAL CANIN\u00ae ha sido formulado para mantener la salud del sistema urinario de los gatos adultos como el tuyo.<\/p>\n","protected":false},"excerpt":{"rendered":"<p>Alimento completo y equilibrado para gatos adultos a partir de 1 a\u00f1o con sensibilidad digestiva.<\/p>\n","protected":false},"featured_media":5524,"template":"","meta":{"site-sidebar-layout":"default","site-content-layout":"default","ast-site-content-layout":"","site-content-style":"default","site-sidebar-style":"default","ast-global-header-display":"","ast-banner-title-visibility":"","ast-main-header-display":"","ast-hfb-above-header-display":"","ast-hfb-below-header-display":"","ast-hfb-mobile-header-display":"","site-post-title":"","ast-breadcrumbs-content":"","ast-featured-img":"","footer-sml-layout":"","theme-transparent-header-meta":"default","adv-header-id-meta":"","stick-header-meta":"","header-above-stick-meta":"","header-main-stick-meta":"","header-below-stick-meta":"","astra-migrate-meta-layouts":"default","ast-page-background-enabled":"default","ast-page-background-meta":{"desktop":{"background-color":"","background-image":"","background-repeat":"repeat","background-position":"center center","background-size":"auto","background-attachment":"scroll","background-type":"","background-media":"","overlay-type":"","overlay-color":"","overlay-gradient":""},"tablet":{"background-color":"","background-image":"","background-repeat":"repeat","background-position":"center center","background-size":"auto","background-attachment":"scroll","background-type":"","background-media":"","overlay-type":"","overlay-color":"","overlay-gradient":""},"mobile":{"background-color":"","background-image":"","background-repeat":"repeat","background-position":"center center","background-size":"auto","background-attachment":"scroll","background-type":"","background-media":"","overlay-type":"","overlay-color":"","overlay-gradient":""}},"ast-content-background-meta":{"desktop":{"background-color":"var(--ast-global-color-5)","background-image":"","background-repeat":"repeat","background-position":"center center","background-size":"auto","background-attachment":"scroll","background-type":"","background-media":"","overlay-type":"","overlay-color":"","overlay-gradient":""},"tablet":{"background-color":"var(--ast-global-color-5)","background-image":"","background-repeat":"repeat","background-position":"center center","background-size":"auto","background-attachment":"scroll","background-type":"","background-media":"","overlay-type":"","overlay-color":"","overlay-gradient":""},"mobile":{"background-color":"var(--ast-global-color-5)","background-image":"","background-repeat":"repeat","background-position":"center center","background-size":"auto","background-attachment":"scroll","background-type":"","background-media":"","overlay-type":"","overlay-color":"","overlay-gradient":""}}},"product_cat":[48,58],"product_tag":[],"class_list":{"0":"post-243","1":"product","2":"type-product","3":"status-publish","4":"has-post-thumbnail","6":"product_cat-gatos","7":"product_cat-royal-canin","8":"desktop-align-center","9":"tablet-align-center","10":"mobile-align-center","12":"first","13":"instock","14":"featured","15":"taxable","16":"shipping-taxable","17":"purchasable","18":"product-type-simple"},"yoast_head":"<!-- This site is optimized with the Yoast SEO plugin v22.6 - https:\/\/yoast.com\/wordpress\/plugins\/seo\/ -->\n<title>Royal Canin Feline Sensible 33 400 gr - Horta Centre Veterinari<\/title>\n<meta name=\"robots\" content=\"index, follow, max-snippet:-1, max-image-preview:large, max-video-preview:-1\" \/>\n<link rel=\"canonical\" href=\"https:\/\/hortacentreveterinari.com\/tienda\/producto\/royal-canin-feline-sensible-33-400-gr\/\" \/>\n<meta property=\"og:locale\" content=\"es_ES\" \/>\n<meta property=\"og:type\" content=\"article\" \/>\n<meta property=\"og:title\" content=\"Royal Canin Feline Sensible 33 400 gr - Horta Centre Veterinari\" \/>\n<meta property=\"og:description\" content=\"Alimento completo y equilibrado para gatos adultos a partir de 1 a\u00f1o con sensibilidad digestiva.\" \/>\n<meta property=\"og:url\" content=\"https:\/\/hortacentreveterinari.com\/tienda\/producto\/royal-canin-feline-sensible-33-400-gr\/\" \/>\n<meta property=\"og:site_name\" content=\"Horta Centre Veterinari\" \/>\n<meta property=\"article:modified_time\" content=\"2023-04-10T20:08:33+00:00\" \/>\n<meta property=\"og:image\" content=\"https:\/\/hortacentreveterinari.com\/tienda\/wp-content\/uploads\/2018\/06\/16-sensible-33-b1-in.jpeg\" \/>\n\t<meta property=\"og:image:width\" content=\"250\" \/>\n\t<meta property=\"og:image:height\" content=\"354\" \/>\n\t<meta property=\"og:image:type\" content=\"image\/jpeg\" \/>\n<meta name=\"twitter:card\" content=\"summary_large_image\" \/>\n<meta name=\"twitter:label1\" content=\"Tiempo de lectura\" \/>\n\t<meta name=\"twitter:data1\" content=\"1 minuto\" \/>\n<script type=\"application\/ld+json\" class=\"yoast-schema-graph\">{\"@context\":\"https:\/\/schema.org\",\"@graph\":[{\"@type\":\"WebPage\",\"@id\":\"https:\/\/hortacentreveterinari.com\/tienda\/producto\/royal-canin-feline-sensible-33-400-gr\/\",\"url\":\"https:\/\/hortacentreveterinari.com\/tienda\/producto\/royal-canin-feline-sensible-33-400-gr\/\",\"name\":\"Royal Canin Feline Sensible 33 400 gr - Horta Centre Veterinari\",\"isPartOf\":{\"@id\":\"https:\/\/hortacentreveterinari.com\/tienda\/#website\"},\"primaryImageOfPage\":{\"@id\":\"https:\/\/hortacentreveterinari.com\/tienda\/producto\/royal-canin-feline-sensible-33-400-gr\/#primaryimage\"},\"image\":{\"@id\":\"https:\/\/hortacentreveterinari.com\/tienda\/producto\/royal-canin-feline-sensible-33-400-gr\/#primaryimage\"},\"thumbnailUrl\":\"https:\/\/hortacentreveterinari.com\/tienda\/wp-content\/uploads\/2018\/06\/16-sensible-33-b1-in.jpeg\",\"datePublished\":\"2018-06-20T07:16:56+00:00\",\"dateModified\":\"2023-04-10T20:08:33+00:00\",\"breadcrumb\":{\"@id\":\"https:\/\/hortacentreveterinari.com\/tienda\/producto\/royal-canin-feline-sensible-33-400-gr\/#breadcrumb\"},\"inLanguage\":\"es\",\"potentialAction\":[{\"@type\":\"ReadAction\",\"target\":[\"https:\/\/hortacentreveterinari.com\/tienda\/producto\/royal-canin-feline-sensible-33-400-gr\/\"]}]},{\"@type\":\"ImageObject\",\"inLanguage\":\"es\",\"@id\":\"https:\/\/hortacentreveterinari.com\/tienda\/producto\/royal-canin-feline-sensible-33-400-gr\/#primaryimage\",\"url\":\"https:\/\/hortacentreveterinari.com\/tienda\/wp-content\/uploads\/2018\/06\/16-sensible-33-b1-in.jpeg\",\"contentUrl\":\"https:\/\/hortacentreveterinari.com\/tienda\/wp-content\/uploads\/2018\/06\/16-sensible-33-b1-in.jpeg\",\"width\":250,\"height\":354},{\"@type\":\"BreadcrumbList\",\"@id\":\"https:\/\/hortacentreveterinari.com\/tienda\/producto\/royal-canin-feline-sensible-33-400-gr\/#breadcrumb\",\"itemListElement\":[{\"@type\":\"ListItem\",\"position\":1,\"name\":\"Portada\",\"item\":\"https:\/\/hortacentreveterinari.com\/tienda\/\"},{\"@type\":\"ListItem\",\"position\":2,\"name\":\"Tienda\",\"item\":\"https:\/\/hortacentreveterinari.com\/tienda\/tienda\/\"},{\"@type\":\"ListItem\",\"position\":3,\"name\":\"Royal Canin Feline Sensible 33 400 gr\"}]},{\"@type\":\"WebSite\",\"@id\":\"https:\/\/hortacentreveterinari.com\/tienda\/#website\",\"url\":\"https:\/\/hortacentreveterinari.com\/tienda\/\",\"name\":\"Horta Centre Veterinari\",\"description\":\"Tienda online\",\"publisher\":{\"@id\":\"https:\/\/hortacentreveterinari.com\/tienda\/#organization\"},\"potentialAction\":[{\"@type\":\"SearchAction\",\"target\":{\"@type\":\"EntryPoint\",\"urlTemplate\":\"https:\/\/hortacentreveterinari.com\/tienda\/?s={search_term_string}\"},\"query-input\":\"required name=search_term_string\"}],\"inLanguage\":\"es\"},{\"@type\":\"Organization\",\"@id\":\"https:\/\/hortacentreveterinari.com\/tienda\/#organization\",\"name\":\"Horta Centre Veterinari\",\"url\":\"https:\/\/hortacentreveterinari.com\/tienda\/\",\"logo\":{\"@type\":\"ImageObject\",\"inLanguage\":\"es\",\"@id\":\"https:\/\/hortacentreveterinari.com\/tienda\/#\/schema\/logo\/image\/\",\"url\":\"https:\/\/hortacentreveterinari.com\/tienda\/wp-content\/uploads\/2023\/04\/horta-centre-veterinari-logo.png\",\"contentUrl\":\"https:\/\/hortacentreveterinari.com\/tienda\/wp-content\/uploads\/2023\/04\/horta-centre-veterinari-logo.png\",\"width\":239,\"height\":157,\"caption\":\"Horta Centre Veterinari\"},\"image\":{\"@id\":\"https:\/\/hortacentreveterinari.com\/tienda\/#\/schema\/logo\/image\/\"}}]}<\/script>\n<!-- \/ Yoast SEO plugin. -->","yoast_head_json":{"title":"Royal Canin Feline Sensible 33 400 gr - Horta Centre Veterinari","robots":{"index":"index","follow":"follow","max-snippet":"max-snippet:-1","max-image-preview":"max-image-preview:large","max-video-preview":"max-video-preview:-1"},"canonical":"https:\/\/hortacentreveterinari.com\/tienda\/producto\/royal-canin-feline-sensible-33-400-gr\/","og_locale":"es_ES","og_type":"article","og_title":"Royal Canin Feline Sensible 33 400 gr - Horta Centre Veterinari","og_description":"Alimento completo y equilibrado para gatos adultos a partir de 1 a\u00f1o con sensibilidad digestiva.","og_url":"https:\/\/hortacentreveterinari.com\/tienda\/producto\/royal-canin-feline-sensible-33-400-gr\/","og_site_name":"Horta Centre Veterinari","article_modified_time":"2023-04-10T20:08:33+00:00","og_image":[{"width":250,"height":354,"url":"https:\/\/hortacentreveterinari.com\/tienda\/wp-content\/uploads\/2018\/06\/16-sensible-33-b1-in.jpeg","type":"image\/jpeg"}],"twitter_card":"summary_large_image","twitter_misc":{"Tiempo de lectura":"1 minuto"},"schema":{"@context":"https:\/\/schema.org","@graph":[{"@type":"WebPage","@id":"https:\/\/hortacentreveterinari.com\/tienda\/producto\/royal-canin-feline-sensible-33-400-gr\/","url":"https:\/\/hortacentreveterinari.com\/tienda\/producto\/royal-canin-feline-sensible-33-400-gr\/","name":"Royal Canin Feline Sensible 33 400 gr - Horta Centre Veterinari","isPartOf":{"@id":"https:\/\/hortacentreveterinari.com\/tienda\/#website"},"primaryImageOfPage":{"@id":"https:\/\/hortacentreveterinari.com\/tienda\/producto\/royal-canin-feline-sensible-33-400-gr\/#primaryimage"},"image":{"@id":"https:\/\/hortacentreveterinari.com\/tienda\/producto\/royal-canin-feline-sensible-33-400-gr\/#primaryimage"},"thumbnailUrl":"https:\/\/hortacentreveterinari.com\/tienda\/wp-content\/uploads\/2018\/06\/16-sensible-33-b1-in.jpeg","datePublished":"2018-06-20T07:16:56+00:00","dateModified":"2023-04-10T20:08:33+00:00","breadcrumb":{"@id":"https:\/\/hortacentreveterinari.com\/tienda\/producto\/royal-canin-feline-sensible-33-400-gr\/#breadcrumb"},"inLanguage":"es","potentialAction":[{"@type":"ReadAction","target":["https:\/\/hortacentreveterinari.com\/tienda\/producto\/royal-canin-feline-sensible-33-400-gr\/"]}]},{"@type":"ImageObject","inLanguage":"es","@id":"https:\/\/hortacentreveterinari.com\/tienda\/producto\/royal-canin-feline-sensible-33-400-gr\/#primaryimage","url":"https:\/\/hortacentreveterinari.com\/tienda\/wp-content\/uploads\/2018\/06\/16-sensible-33-b1-in.jpeg","contentUrl":"https:\/\/hortacentreveterinari.com\/tienda\/wp-content\/uploads\/2018\/06\/16-sensible-33-b1-in.jpeg","width":250,"height":354},{"@type":"BreadcrumbList","@id":"https:\/\/hortacentreveterinari.com\/tienda\/producto\/royal-canin-feline-sensible-33-400-gr\/#breadcrumb","itemListElement":[{"@type":"ListItem","position":1,"name":"Portada","item":"https:\/\/hortacentreveterinari.com\/tienda\/"},{"@type":"ListItem","position":2,"name":"Tienda","item":"https:\/\/hortacentreveterinari.com\/tienda\/tienda\/"},{"@type":"ListItem","position":3,"name":"Royal Canin Feline Sensible 33 400 gr"}]},{"@type":"WebSite","@id":"https:\/\/hortacentreveterinari.com\/tienda\/#website","url":"https:\/\/hortacentreveterinari.com\/tienda\/","name":"Horta Centre Veterinari","description":"Tienda online","publisher":{"@id":"https:\/\/hortacentreveterinari.com\/tienda\/#organization"},"potentialAction":[{"@type":"SearchAction","target":{"@type":"EntryPoint","urlTemplate":"https:\/\/hortacentreveterinari.com\/tienda\/?s={search_term_string}"},"query-input":"required name=search_term_string"}],"inLanguage":"es"},{"@type":"Organization","@id":"https:\/\/hortacentreveterinari.com\/tienda\/#organization","name":"Horta Centre Veterinari","url":"https:\/\/hortacentreveterinari.com\/tienda\/","logo":{"@type":"ImageObject","inLanguage":"es","@id":"https:\/\/hortacentreveterinari.com\/tienda\/#\/schema\/logo\/image\/","url":"https:\/\/hortacentreveterinari.com\/tienda\/wp-content\/uploads\/2023\/04\/horta-centre-veterinari-logo.png","contentUrl":"https:\/\/hortacentreveterinari.com\/tienda\/wp-content\/uploads\/2023\/04\/horta-centre-veterinari-logo.png","width":239,"height":157,"caption":"Horta Centre Veterinari"},"image":{"@id":"https:\/\/hortacentreveterinari.com\/tienda\/#\/schema\/logo\/image\/"}}]}},"_links":{"self":[{"href":"https:\/\/hortacentreveterinari.com\/tienda\/wp-json\/wp\/v2\/product\/243","targetHints":{"allow":["GET"]}}],"collection":[{"href":"https:\/\/hortacentreveterinari.com\/tienda\/wp-json\/wp\/v2\/product"}],"about":[{"href":"https:\/\/hortacentreveterinari.com\/tienda\/wp-json\/wp\/v2\/types\/product"}],"wp:featuredmedia":[{"embeddable":true,"href":"https:\/\/hortacentreveterinari.com\/tienda\/wp-json\/wp\/v2\/media\/5524"}],"wp:attachment":[{"href":"https:\/\/hortacentreveterinari.com\/tienda\/wp-json\/wp\/v2\/media?parent=243"}],"wp:term":[{"taxonomy":"product_cat","embeddable":true,"href":"https:\/\/hortacentreveterinari.com\/tienda\/wp-json\/wp\/v2\/product_cat?post=243"},{"taxonomy":"product_tag","embeddable":true,"href":"https:\/\/hortacentreveterinari.com\/tienda\/wp-json\/wp\/v2\/product_tag?post=243"}],"curies":[{"name":"wp","href":"https:\/\/api.w.org\/{rel}","templated":true}]}}