{"id":242,"date":"2018-06-20T07:16:12","date_gmt":"2018-06-20T07:16:12","guid":{"rendered":"https:\/\/hortacentreveterinari.com\/tienda\/producto\/fresh-orange-juice\/"},"modified":"2023-04-10T20:13:56","modified_gmt":"2023-04-10T20:13:56","slug":"serrano-snacks-100gr","status":"publish","type":"product","link":"https:\/\/hortacentreveterinari.com\/tienda\/producto\/serrano-snacks-100gr\/","title":{"rendered":"Serrano snacks 100gr"},"content":{"rendered":"<p>Los Serrano Snacks de MEDITERRANEAN NATURAL, delicadamente cortados en peque\u00f1as cantidades con forma de huesito, garantizan la seguridad de la mascota, mantienen su pureza y todos los nutrientes, reflejan la dieta natural y contienen al menos 70 % de carne (69% en \u201cSerrano Snacks for puppies\u201d).<\/p>\n<p>Elaborados con materias primas exentas de gluten, no contienen colorantes artificiales, transg\u00e9nicos ni \u00e1cidos grasos trans. Son un producto hipoalerg\u00e9nico (excepto los sabores \u201csalm\u00f3n y at\u00fan\u201d y \u201cfor puppies\u201d) fuente natural de \u00e1cido oleico. Los Serrano Snacks de salm\u00f3n y at\u00fan aportan Omega 3 y 6.<\/p>\n<p>Son el snack perfecto para premiar el comportamiento de su mascota.<\/p>\n<p>Ideales en el adiestramiento.<\/p>\n","protected":false},"excerpt":{"rendered":"<p>Los Serrano Snacks de MEDITERRANEAN NATURAL, delicadamente cortados en peque\u00f1as cantidades con forma de huesito, garantizan la seguridad de la mascota, mantienen su pureza y todos los nutrientes, reflejan la dieta natural y contienen al menos 70 % de carne (69% en \u201cSerrano Snacks for puppies\u201d).<br \/>\nCon 70% de carne \/ Con arroz<\/p>\n","protected":false},"featured_media":5530,"template":"","meta":{"site-sidebar-layout":"default","site-content-layout":"default","ast-site-content-layout":"","site-content-style":"default","site-sidebar-style":"default","ast-global-header-display":"","ast-banner-title-visibility":"","ast-main-header-display":"","ast-hfb-above-header-display":"","ast-hfb-below-header-display":"","ast-hfb-mobile-header-display":"","site-post-title":"","ast-breadcrumbs-content":"","ast-featured-img":"","footer-sml-layout":"","theme-transparent-header-meta":"default","adv-header-id-meta":"","stick-header-meta":"","header-above-stick-meta":"","header-main-stick-meta":"","header-below-stick-meta":"","astra-migrate-meta-layouts":"default","ast-page-background-enabled":"default","ast-page-background-meta":{"desktop":{"background-color":"","background-image":"","background-repeat":"repeat","background-position":"center center","background-size":"auto","background-attachment":"scroll","background-type":"","background-media":"","overlay-type":"","overlay-color":"","overlay-gradient":""},"tablet":{"background-color":"","background-image":"","background-repeat":"repeat","background-position":"center center","background-size":"auto","background-attachment":"scroll","background-type":"","background-media":"","overlay-type":"","overlay-color":"","overlay-gradient":""},"mobile":{"background-color":"","background-image":"","background-repeat":"repeat","background-position":"center center","background-size":"auto","background-attachment":"scroll","background-type":"","background-media":"","overlay-type":"","overlay-color":"","overlay-gradient":""}},"ast-content-background-meta":{"desktop":{"background-color":"var(--ast-global-color-5)","background-image":"","background-repeat":"repeat","background-position":"center center","background-size":"auto","background-attachment":"scroll","background-type":"","background-media":"","overlay-type":"","overlay-color":"","overlay-gradient":""},"tablet":{"background-color":"var(--ast-global-color-5)","background-image":"","background-repeat":"repeat","background-position":"center center","background-size":"auto","background-attachment":"scroll","background-type":"","background-media":"","overlay-type":"","overlay-color":"","overlay-gradient":""},"mobile":{"background-color":"var(--ast-global-color-5)","background-image":"","background-repeat":"repeat","background-position":"center center","background-size":"auto","background-attachment":"scroll","background-type":"","background-media":"","overlay-type":"","overlay-color":"","overlay-gradient":""}}},"product_cat":[47,59],"product_tag":[],"class_list":{"0":"post-242","1":"product","2":"type-product","3":"status-publish","4":"has-post-thumbnail","6":"product_cat-perros","7":"product_cat-serrano-snacks","8":"desktop-align-center","9":"tablet-align-center","10":"mobile-align-center","12":"first","13":"instock","14":"featured","15":"taxable","16":"shipping-taxable","17":"purchasable","18":"product-type-simple"},"yoast_head":"<!-- This site is optimized with the Yoast SEO plugin v22.6 - https:\/\/yoast.com\/wordpress\/plugins\/seo\/ -->\n<title>Serrano snacks 100gr - Horta Centre Veterinari<\/title>\n<meta name=\"robots\" content=\"index, follow, max-snippet:-1, max-image-preview:large, max-video-preview:-1\" \/>\n<link rel=\"canonical\" href=\"https:\/\/hortacentreveterinari.com\/tienda\/producto\/serrano-snacks-100gr\/\" \/>\n<meta property=\"og:locale\" content=\"es_ES\" \/>\n<meta property=\"og:type\" content=\"article\" \/>\n<meta property=\"og:title\" content=\"Serrano snacks 100gr - Horta Centre Veterinari\" \/>\n<meta property=\"og:description\" content=\"Los Serrano Snacks de MEDITERRANEAN NATURAL, delicadamente cortados en peque\u00f1as cantidades con forma de huesito, garantizan la seguridad de la mascota, mantienen su pureza y todos los nutrientes, reflejan la dieta natural y contienen al menos 70 % de carne (69% en \u201cSerrano Snacks for puppies\u201d). Con 70% de carne \/ Con arroz\" \/>\n<meta property=\"og:url\" content=\"https:\/\/hortacentreveterinari.com\/tienda\/producto\/serrano-snacks-100gr\/\" \/>\n<meta property=\"og:site_name\" content=\"Horta Centre Veterinari\" \/>\n<meta property=\"article:modified_time\" content=\"2023-04-10T20:13:56+00:00\" \/>\n<meta property=\"og:image\" content=\"https:\/\/hortacentreveterinari.com\/tienda\/wp-content\/uploads\/2018\/06\/portada_snackserrano1.jpg\" \/>\n\t<meta property=\"og:image:width\" content=\"1000\" \/>\n\t<meta property=\"og:image:height\" content=\"1000\" \/>\n\t<meta property=\"og:image:type\" content=\"image\/jpeg\" \/>\n<meta name=\"twitter:card\" content=\"summary_large_image\" \/>\n<meta name=\"twitter:label1\" content=\"Tiempo de lectura\" \/>\n\t<meta name=\"twitter:data1\" content=\"1 minuto\" \/>\n<script type=\"application\/ld+json\" class=\"yoast-schema-graph\">{\"@context\":\"https:\/\/schema.org\",\"@graph\":[{\"@type\":\"WebPage\",\"@id\":\"https:\/\/hortacentreveterinari.com\/tienda\/producto\/serrano-snacks-100gr\/\",\"url\":\"https:\/\/hortacentreveterinari.com\/tienda\/producto\/serrano-snacks-100gr\/\",\"name\":\"Serrano snacks 100gr - Horta Centre Veterinari\",\"isPartOf\":{\"@id\":\"https:\/\/hortacentreveterinari.com\/tienda\/#website\"},\"primaryImageOfPage\":{\"@id\":\"https:\/\/hortacentreveterinari.com\/tienda\/producto\/serrano-snacks-100gr\/#primaryimage\"},\"image\":{\"@id\":\"https:\/\/hortacentreveterinari.com\/tienda\/producto\/serrano-snacks-100gr\/#primaryimage\"},\"thumbnailUrl\":\"https:\/\/hortacentreveterinari.com\/tienda\/wp-content\/uploads\/2018\/06\/portada_snackserrano1.jpg\",\"datePublished\":\"2018-06-20T07:16:12+00:00\",\"dateModified\":\"2023-04-10T20:13:56+00:00\",\"breadcrumb\":{\"@id\":\"https:\/\/hortacentreveterinari.com\/tienda\/producto\/serrano-snacks-100gr\/#breadcrumb\"},\"inLanguage\":\"es\",\"potentialAction\":[{\"@type\":\"ReadAction\",\"target\":[\"https:\/\/hortacentreveterinari.com\/tienda\/producto\/serrano-snacks-100gr\/\"]}]},{\"@type\":\"ImageObject\",\"inLanguage\":\"es\",\"@id\":\"https:\/\/hortacentreveterinari.com\/tienda\/producto\/serrano-snacks-100gr\/#primaryimage\",\"url\":\"https:\/\/hortacentreveterinari.com\/tienda\/wp-content\/uploads\/2018\/06\/portada_snackserrano1.jpg\",\"contentUrl\":\"https:\/\/hortacentreveterinari.com\/tienda\/wp-content\/uploads\/2018\/06\/portada_snackserrano1.jpg\",\"width\":1000,\"height\":1000},{\"@type\":\"BreadcrumbList\",\"@id\":\"https:\/\/hortacentreveterinari.com\/tienda\/producto\/serrano-snacks-100gr\/#breadcrumb\",\"itemListElement\":[{\"@type\":\"ListItem\",\"position\":1,\"name\":\"Portada\",\"item\":\"https:\/\/hortacentreveterinari.com\/tienda\/\"},{\"@type\":\"ListItem\",\"position\":2,\"name\":\"Tienda\",\"item\":\"https:\/\/hortacentreveterinari.com\/tienda\/tienda\/\"},{\"@type\":\"ListItem\",\"position\":3,\"name\":\"Serrano snacks 100gr\"}]},{\"@type\":\"WebSite\",\"@id\":\"https:\/\/hortacentreveterinari.com\/tienda\/#website\",\"url\":\"https:\/\/hortacentreveterinari.com\/tienda\/\",\"name\":\"Horta Centre Veterinari\",\"description\":\"Tienda online\",\"publisher\":{\"@id\":\"https:\/\/hortacentreveterinari.com\/tienda\/#organization\"},\"potentialAction\":[{\"@type\":\"SearchAction\",\"target\":{\"@type\":\"EntryPoint\",\"urlTemplate\":\"https:\/\/hortacentreveterinari.com\/tienda\/?s={search_term_string}\"},\"query-input\":\"required name=search_term_string\"}],\"inLanguage\":\"es\"},{\"@type\":\"Organization\",\"@id\":\"https:\/\/hortacentreveterinari.com\/tienda\/#organization\",\"name\":\"Horta Centre Veterinari\",\"url\":\"https:\/\/hortacentreveterinari.com\/tienda\/\",\"logo\":{\"@type\":\"ImageObject\",\"inLanguage\":\"es\",\"@id\":\"https:\/\/hortacentreveterinari.com\/tienda\/#\/schema\/logo\/image\/\",\"url\":\"https:\/\/hortacentreveterinari.com\/tienda\/wp-content\/uploads\/2023\/04\/horta-centre-veterinari-logo.png\",\"contentUrl\":\"https:\/\/hortacentreveterinari.com\/tienda\/wp-content\/uploads\/2023\/04\/horta-centre-veterinari-logo.png\",\"width\":239,\"height\":157,\"caption\":\"Horta Centre Veterinari\"},\"image\":{\"@id\":\"https:\/\/hortacentreveterinari.com\/tienda\/#\/schema\/logo\/image\/\"}}]}<\/script>\n<!-- \/ Yoast SEO plugin. -->","yoast_head_json":{"title":"Serrano snacks 100gr - Horta Centre Veterinari","robots":{"index":"index","follow":"follow","max-snippet":"max-snippet:-1","max-image-preview":"max-image-preview:large","max-video-preview":"max-video-preview:-1"},"canonical":"https:\/\/hortacentreveterinari.com\/tienda\/producto\/serrano-snacks-100gr\/","og_locale":"es_ES","og_type":"article","og_title":"Serrano snacks 100gr - Horta Centre Veterinari","og_description":"Los Serrano Snacks de MEDITERRANEAN NATURAL, delicadamente cortados en peque\u00f1as cantidades con forma de huesito, garantizan la seguridad de la mascota, mantienen su pureza y todos los nutrientes, reflejan la dieta natural y contienen al menos 70 % de carne (69% en \u201cSerrano Snacks for puppies\u201d). Con 70% de carne \/ Con arroz","og_url":"https:\/\/hortacentreveterinari.com\/tienda\/producto\/serrano-snacks-100gr\/","og_site_name":"Horta Centre Veterinari","article_modified_time":"2023-04-10T20:13:56+00:00","og_image":[{"width":1000,"height":1000,"url":"https:\/\/hortacentreveterinari.com\/tienda\/wp-content\/uploads\/2018\/06\/portada_snackserrano1.jpg","type":"image\/jpeg"}],"twitter_card":"summary_large_image","twitter_misc":{"Tiempo de lectura":"1 minuto"},"schema":{"@context":"https:\/\/schema.org","@graph":[{"@type":"WebPage","@id":"https:\/\/hortacentreveterinari.com\/tienda\/producto\/serrano-snacks-100gr\/","url":"https:\/\/hortacentreveterinari.com\/tienda\/producto\/serrano-snacks-100gr\/","name":"Serrano snacks 100gr - Horta Centre Veterinari","isPartOf":{"@id":"https:\/\/hortacentreveterinari.com\/tienda\/#website"},"primaryImageOfPage":{"@id":"https:\/\/hortacentreveterinari.com\/tienda\/producto\/serrano-snacks-100gr\/#primaryimage"},"image":{"@id":"https:\/\/hortacentreveterinari.com\/tienda\/producto\/serrano-snacks-100gr\/#primaryimage"},"thumbnailUrl":"https:\/\/hortacentreveterinari.com\/tienda\/wp-content\/uploads\/2018\/06\/portada_snackserrano1.jpg","datePublished":"2018-06-20T07:16:12+00:00","dateModified":"2023-04-10T20:13:56+00:00","breadcrumb":{"@id":"https:\/\/hortacentreveterinari.com\/tienda\/producto\/serrano-snacks-100gr\/#breadcrumb"},"inLanguage":"es","potentialAction":[{"@type":"ReadAction","target":["https:\/\/hortacentreveterinari.com\/tienda\/producto\/serrano-snacks-100gr\/"]}]},{"@type":"ImageObject","inLanguage":"es","@id":"https:\/\/hortacentreveterinari.com\/tienda\/producto\/serrano-snacks-100gr\/#primaryimage","url":"https:\/\/hortacentreveterinari.com\/tienda\/wp-content\/uploads\/2018\/06\/portada_snackserrano1.jpg","contentUrl":"https:\/\/hortacentreveterinari.com\/tienda\/wp-content\/uploads\/2018\/06\/portada_snackserrano1.jpg","width":1000,"height":1000},{"@type":"BreadcrumbList","@id":"https:\/\/hortacentreveterinari.com\/tienda\/producto\/serrano-snacks-100gr\/#breadcrumb","itemListElement":[{"@type":"ListItem","position":1,"name":"Portada","item":"https:\/\/hortacentreveterinari.com\/tienda\/"},{"@type":"ListItem","position":2,"name":"Tienda","item":"https:\/\/hortacentreveterinari.com\/tienda\/tienda\/"},{"@type":"ListItem","position":3,"name":"Serrano snacks 100gr"}]},{"@type":"WebSite","@id":"https:\/\/hortacentreveterinari.com\/tienda\/#website","url":"https:\/\/hortacentreveterinari.com\/tienda\/","name":"Horta Centre Veterinari","description":"Tienda online","publisher":{"@id":"https:\/\/hortacentreveterinari.com\/tienda\/#organization"},"potentialAction":[{"@type":"SearchAction","target":{"@type":"EntryPoint","urlTemplate":"https:\/\/hortacentreveterinari.com\/tienda\/?s={search_term_string}"},"query-input":"required name=search_term_string"}],"inLanguage":"es"},{"@type":"Organization","@id":"https:\/\/hortacentreveterinari.com\/tienda\/#organization","name":"Horta Centre Veterinari","url":"https:\/\/hortacentreveterinari.com\/tienda\/","logo":{"@type":"ImageObject","inLanguage":"es","@id":"https:\/\/hortacentreveterinari.com\/tienda\/#\/schema\/logo\/image\/","url":"https:\/\/hortacentreveterinari.com\/tienda\/wp-content\/uploads\/2023\/04\/horta-centre-veterinari-logo.png","contentUrl":"https:\/\/hortacentreveterinari.com\/tienda\/wp-content\/uploads\/2023\/04\/horta-centre-veterinari-logo.png","width":239,"height":157,"caption":"Horta Centre Veterinari"},"image":{"@id":"https:\/\/hortacentreveterinari.com\/tienda\/#\/schema\/logo\/image\/"}}]}},"_links":{"self":[{"href":"https:\/\/hortacentreveterinari.com\/tienda\/wp-json\/wp\/v2\/product\/242","targetHints":{"allow":["GET"]}}],"collection":[{"href":"https:\/\/hortacentreveterinari.com\/tienda\/wp-json\/wp\/v2\/product"}],"about":[{"href":"https:\/\/hortacentreveterinari.com\/tienda\/wp-json\/wp\/v2\/types\/product"}],"wp:featuredmedia":[{"embeddable":true,"href":"https:\/\/hortacentreveterinari.com\/tienda\/wp-json\/wp\/v2\/media\/5530"}],"wp:attachment":[{"href":"https:\/\/hortacentreveterinari.com\/tienda\/wp-json\/wp\/v2\/media?parent=242"}],"wp:term":[{"taxonomy":"product_cat","embeddable":true,"href":"https:\/\/hortacentreveterinari.com\/tienda\/wp-json\/wp\/v2\/product_cat?post=242"},{"taxonomy":"product_tag","embeddable":true,"href":"https:\/\/hortacentreveterinari.com\/tienda\/wp-json\/wp\/v2\/product_tag?post=242"}],"curies":[{"name":"wp","href":"https:\/\/api.w.org\/{rel}","templated":true}]}}