{"id":5676,"date":"2023-05-13T17:43:21","date_gmt":"2023-05-13T17:43:21","guid":{"rendered":"https:\/\/hortacentreveterinari.com\/tienda\/?page_id=5676"},"modified":"2023-05-13T17:44:20","modified_gmt":"2023-05-13T17:44:20","slug":"declaracion-de-accesibilidad","status":"publish","type":"page","link":"https:\/\/hortacentreveterinari.com\/tienda\/declaracion-de-accesibilidad\/","title":{"rendered":"Declaraci\u00f3n de accesibilidad"},"content":{"rendered":"\t\t<div data-elementor-type=\"wp-page\" data-elementor-id=\"5676\" class=\"elementor elementor-5676\">\n\t\t\t\t\t\t<section class=\"elementor-section elementor-top-section elementor-element elementor-element-47b38909 elementor-section-boxed elementor-section-height-default elementor-section-height-default\" data-id=\"47b38909\" data-element_type=\"section\">\n\t\t\t\t\t\t<div class=\"elementor-container elementor-column-gap-default\">\n\t\t\t\t\t<div class=\"elementor-column elementor-col-100 elementor-top-column elementor-element elementor-element-2b1fb3bb\" data-id=\"2b1fb3bb\" data-element_type=\"column\">\n\t\t\t<div class=\"elementor-widget-wrap elementor-element-populated\">\n\t\t\t\t\t\t<div class=\"elementor-element elementor-element-35e6a1c8 elementor-widget elementor-widget-text-editor\" data-id=\"35e6a1c8\" data-element_type=\"widget\" data-widget_type=\"text-editor.default\">\n\t\t\t\t<div class=\"elementor-widget-container\">\n\t\t\t<style>\/*! elementor - v3.21.0 - 30-04-2024 *\/\n.elementor-widget-text-editor.elementor-drop-cap-view-stacked .elementor-drop-cap{background-color:#69727d;color:#fff}.elementor-widget-text-editor.elementor-drop-cap-view-framed .elementor-drop-cap{color:#69727d;border:3px solid;background-color:transparent}.elementor-widget-text-editor:not(.elementor-drop-cap-view-default) .elementor-drop-cap{margin-top:8px}.elementor-widget-text-editor:not(.elementor-drop-cap-view-default) .elementor-drop-cap-letter{width:1em;height:1em}.elementor-widget-text-editor .elementor-drop-cap{float:left;text-align:center;line-height:1;font-size:50px}.elementor-widget-text-editor .elementor-drop-cap-letter{display:inline-block}<\/style>\t\t\t\t<div id=\"content\" class=\"site-content\"><div class=\"ast-container\"><div id=\"primary\" class=\"content-area primary\"><main id=\"main\" class=\"site-main\"><article id=\"post-832\" class=\"post-832 page type-page status-publish ast-article-single\"><div class=\"entry-content clear\"><div class=\"elementor elementor-832\" data-elementor-type=\"wp-post\" data-elementor-id=\"832\"><section class=\"elementor-section elementor-top-section elementor-element elementor-element-6c8dc32 elementor-section-content-middle elementor-section-boxed elementor-section-height-default elementor-section-height-default\" data-id=\"6c8dc32\" data-element_type=\"section\"><div class=\"elementor-container elementor-column-gap-no\"><div class=\"elementor-column elementor-col-100 elementor-top-column elementor-element elementor-element-62d28d8\" data-id=\"62d28d8\" data-element_type=\"column\"><div class=\"elementor-widget-wrap elementor-element-populated\"><div class=\"elementor-element elementor-element-8f6977b elementor-widget elementor-widget-text-editor\" data-id=\"8f6977b\" data-element_type=\"widget\" data-widget_type=\"text-editor.default\"><div class=\"elementor-widget-container\"><p><strong>CLINICA VETERINARIA HORTA S.L.<\/strong>\u00a0se ha comprometido a hacer accesibles sus sitios web de conformidad con el Real Decreto 1112\/2018, de 7 de septiembre Abre nueva ventana, sobre accesibilidad de los sitios web y aplicaciones para dispositivos m\u00f3viles del sector p\u00fablico (en adelante, Real Decreto 1112\/2018, de 7 de septiembre).<\/p><p>La presente declaraci\u00f3n de accesibilidad se aplica al sitio web https:\/\/ hortacentreveterinari.com\/ (los subdominios de este sitio web tendr\u00e1n sus propias declaraciones de accesibilidad).<\/p><p><strong>Situaci\u00f3n de cumplimiento<\/strong><\/p><p>Este sitio web es parcialmente conforme con el Real Decreto 1112\/2018, de 7 de septiembre, debido a la falta de conformidad de los aspectos que se indican a continuaci\u00f3n.<\/p><p>Contenido no accesible<\/p><p>El contenido que se recoge a continuaci\u00f3n no es accesible por lo siguiente:<\/p><p>Falta de conformidad con el Real Decreto 1112\/2018, de 7 de septiembre: podr\u00edan existir fallos puntuales de edici\u00f3n en alguna p\u00e1gina web, tanto en contenidos HTML como en documentos finales, publicados en fecha posterior al 20 de septiembre de 2018 (fecha de entrada en vigor del Real Decreto 1112\/2018, de 7 de septiembre). Concretamente puede haber errores en algunos documentos antes de su revisi\u00f3n de accesibilidad.<\/p><p><strong>Carga desproporcionada: no aplica<\/strong>.<\/p><p><strong>Preparaci\u00f3n de la presente declaraci\u00f3n de accesibilidad<\/strong><\/p><p>La presente declaraci\u00f3n fue preparada el 9 de febrero 2023.<\/p><p>El m\u00e9todo empleado para preparar la declaraci\u00f3n ha sido una autoevaluaci\u00f3n llevada a cabo por la propia empresa.<\/p><p>\u00daltima revisi\u00f3n de la declaraci\u00f3n: 9 de febrero 2023<\/p><p><strong>Observaciones y datos de contacto<\/strong><\/p><p>Puede realizar comunicaciones sobre requisitos de accesibilidad (art\u00edculo 10.2.a) del Real Decreto 1112\/2018, de 7 de septiembre) como, por ejemplo:<\/p><p>Informar sobre cualquier posible incumplimiento por parte de este sitio web.<\/p><p>Transmitir otras dificultades de acceso al contenido.<\/p><p>Formular cualquier otra consulta o sugerencia de mejora relativa a la accesibilidad del sitio web.<\/p><p>A trav\u00e9s de las siguientes v\u00edas:<\/p><p>Correo electr\u00f3nico:\u00a0<a href=\"mailto:hortacvet@gmail.com\">hortacvet@gmail.com<\/a><\/p><p>Tel\u00e9fonos: 93 358 19 00<\/p><p>Las comunicaciones ser\u00e1n recibidas y tratadas por la empresa, como responsable de los contenidos de este sitio web.<\/p><p>Tambi\u00e9n puede solicitar en formato accesible informaci\u00f3n que no cumpla con los requisitos de accesibilidad bien por estar excluida, bien por estar exenta por carga desproporcionada; o formular una queja por incumplimiento de los requisitos de accesibilidad. Enlace al procedimiento de solicitud de informaci\u00f3n accesible y quejas del art\u00edculo 12 del Real Decreto 1112\/2018, de 7 de septiembre.<\/p><p><strong>Procedimiento de aplicaci\u00f3n<\/strong><\/p><p>A trav\u00e9s de este procedimiento podr\u00e1 iniciar una reclamaci\u00f3n para conocer y oponerse a los motivos de la desestimaci\u00f3n de una solicitud de informaci\u00f3n accesible o queja, instar la adopci\u00f3n de las medidas oportunas en el caso de no estar de acuerdo con la decisi\u00f3n adoptada, o exponer las razones por las que se considera que la respuesta no cumple con los requisitos exigidos.<\/p><p>Datos de contacto de la entidad, unidad o persona a cargo de la accesibilidad y la tramitaci\u00f3n de las solicitudes enviadas a trav\u00e9s del mecanismo de comunicaci\u00f3n:<\/p><p>Denominaci\u00f3n social: CLINICA VETERINARIA HORTA S.L.<\/p><p>Denominaci\u00f3n comercial: HORTA CENTRE VETERINARI<\/p><p>CIF\/NIF: B62302542<\/p><p>Correo electr\u00f3nico: contacto@ hortacentreveterinari.com<\/p><p>Domicilio social: Pl\u00e7 Pastrana, 20 08032 Barcelona<\/p><p><strong>Contenido opcional<\/strong><\/p><p>La versi\u00f3n actualmente visible de este sitio web es de febrero 2023 y en esa fecha se hizo la revisi\u00f3n del nivel de accesibilidad vigente en aquel momento.<\/p><p>Entre otras se adoptan las siguientes medidas para facilitar la accesibilidad:<\/p><p>Utilizaci\u00f3n de texto alternativo en las im\u00e1genes<\/p><p>Los enlaces ofrecen detalles de la funci\u00f3n o destino del hiperv\u00ednculo<\/p><p>Uso de los est\u00e1ndares del W3C: XHTML 1.0, CSS 3.0, WAI AA.<\/p><p>Puede consultar en la p\u00e1gina de\u00a0<a href=\"https:\/\/%20hortacentreveterinari.com\/aviso-legal\/\">Aviso Legal<\/a>\u00a0para qu\u00e9 navegadores y versiones est\u00e1 optimizado este sitio web.<\/p><\/div><\/div><\/div><\/div><\/div><\/section><\/div><\/div><\/article><\/main><\/div><\/div><\/div><div class=\"hfe-before-footer-wrap\"><div class=\"footer-width-fixer\"><div class=\"elementor elementor-91\" data-elementor-type=\"wp-post\" data-elementor-id=\"91\"><section class=\"elementor-section elementor-top-section elementor-element elementor-element-71ecff4 elementor-section-boxed elementor-section-height-default elementor-section-height-default\" data-id=\"71ecff4\" data-element_type=\"section\" data-settings=\"{&quot;background_background&quot;:&quot;classic&quot;,&quot;shape_divider_top&quot;:&quot;curve-asymmetrical&quot;}\"><div class=\"elementor-shape elementor-shape-top\" data-negative=\"false\">\u00a0<\/div><div class=\"elementor-container elementor-column-gap-default\"><div class=\"elementor-column elementor-col-100 elementor-top-column elementor-element elementor-element-819799f\" data-id=\"819799f\" data-element_type=\"column\"><div class=\"elementor-widget-wrap elementor-element-populated\"><div class=\"elementor-element elementor-element-e943896 elementor-widget elementor-widget-image\" data-id=\"e943896\" data-element_type=\"widget\" data-widget_type=\"image.default\">\u00a0<\/div><\/div><\/div><\/div><\/section><\/div><\/div><\/div>\t\t\t\t\t\t<\/div>\n\t\t\t\t<\/div>\n\t\t\t\t\t<\/div>\n\t\t<\/div>\n\t\t\t\t\t<\/div>\n\t\t<\/section>\n\t\t\t\t<\/div>\n\t\t","protected":false},"excerpt":{"rendered":"<p>CLINICA VETERINARIA HORTA S.L.\u00a0se ha comprometido a hacer accesibles sus sitios web de conformidad con el Real Decreto 1112\/2018, de 7 de septiembre Abre nueva ventana, sobre accesibilidad de los sitios web y aplicaciones para dispositivos m\u00f3viles del sector p\u00fablico (en adelante, Real Decreto 1112\/2018, de 7 de septiembre). La presente declaraci\u00f3n de accesibilidad se [&hellip;]<\/p>\n","protected":false},"author":1,"featured_media":0,"parent":0,"menu_order":0,"comment_status":"closed","ping_status":"closed","template":"","meta":{"site-sidebar-layout":"default","site-content-layout":"","ast-site-content-layout":"","site-content-style":"default","site-sidebar-style":"default","ast-global-header-display":"","ast-banner-title-visibility":"","ast-main-header-display":"","ast-hfb-above-header-display":"","ast-hfb-below-header-display":"","ast-hfb-mobile-header-display":"","site-post-title":"","ast-breadcrumbs-content":"","ast-featured-img":"","footer-sml-layout":"","theme-transparent-header-meta":"","adv-header-id-meta":"","stick-header-meta":"","header-above-stick-meta":"","header-main-stick-meta":"","header-below-stick-meta":"","astra-migrate-meta-layouts":"default","ast-page-background-enabled":"default","ast-page-background-meta":{"desktop":{"background-color":"","background-image":"","background-repeat":"repeat","background-position":"center center","background-size":"auto","background-attachment":"scroll","background-type":"","background-media":"","overlay-type":"","overlay-color":"","overlay-gradient":""},"tablet":{"background-color":"","background-image":"","background-repeat":"repeat","background-position":"center center","background-size":"auto","background-attachment":"scroll","background-type":"","background-media":"","overlay-type":"","overlay-color":"","overlay-gradient":""},"mobile":{"background-color":"","background-image":"","background-repeat":"repeat","background-position":"center center","background-size":"auto","background-attachment":"scroll","background-type":"","background-media":"","overlay-type":"","overlay-color":"","overlay-gradient":""}},"ast-content-background-meta":{"desktop":{"background-color":"var(--ast-global-color-5)","background-image":"","background-repeat":"repeat","background-position":"center center","background-size":"auto","background-attachment":"scroll","background-type":"","background-media":"","overlay-type":"","overlay-color":"","overlay-gradient":""},"tablet":{"background-color":"var(--ast-global-color-5)","background-image":"","background-repeat":"repeat","background-position":"center center","background-size":"auto","background-attachment":"scroll","background-type":"","background-media":"","overlay-type":"","overlay-color":"","overlay-gradient":""},"mobile":{"background-color":"var(--ast-global-color-5)","background-image":"","background-repeat":"repeat","background-position":"center center","background-size":"auto","background-attachment":"scroll","background-type":"","background-media":"","overlay-type":"","overlay-color":"","overlay-gradient":""}},"footnotes":""},"class_list":["post-5676","page","type-page","status-publish","hentry"],"yoast_head":"<!-- This site is optimized with the Yoast SEO plugin v22.6 - https:\/\/yoast.com\/wordpress\/plugins\/seo\/ -->\n<title>Declaraci\u00f3n de accesibilidad - Horta Centre Veterinari<\/title>\n<meta name=\"robots\" content=\"index, follow, max-snippet:-1, max-image-preview:large, max-video-preview:-1\" \/>\n<link rel=\"canonical\" href=\"https:\/\/hortacentreveterinari.com\/tienda\/declaracion-de-accesibilidad\/\" \/>\n<meta property=\"og:locale\" content=\"es_ES\" \/>\n<meta property=\"og:type\" content=\"article\" \/>\n<meta property=\"og:title\" content=\"Declaraci\u00f3n de accesibilidad - Horta Centre Veterinari\" \/>\n<meta property=\"og:description\" content=\"CLINICA VETERINARIA HORTA S.L.\u00a0se ha comprometido a hacer accesibles sus sitios web de conformidad con el Real Decreto 1112\/2018, de 7 de septiembre Abre nueva ventana, sobre accesibilidad de los sitios web y aplicaciones para dispositivos m\u00f3viles del sector p\u00fablico (en adelante, Real Decreto 1112\/2018, de 7 de septiembre). La presente declaraci\u00f3n de accesibilidad se [&hellip;]\" \/>\n<meta property=\"og:url\" content=\"https:\/\/hortacentreveterinari.com\/tienda\/declaracion-de-accesibilidad\/\" \/>\n<meta property=\"og:site_name\" content=\"Horta Centre Veterinari\" \/>\n<meta property=\"article:modified_time\" content=\"2023-05-13T17:44:20+00:00\" \/>\n<meta name=\"twitter:card\" content=\"summary_large_image\" \/>\n<meta name=\"twitter:label1\" content=\"Tiempo de lectura\" \/>\n\t<meta name=\"twitter:data1\" content=\"3 minutos\" \/>\n<script type=\"application\/ld+json\" class=\"yoast-schema-graph\">{\"@context\":\"https:\/\/schema.org\",\"@graph\":[{\"@type\":\"WebPage\",\"@id\":\"https:\/\/hortacentreveterinari.com\/tienda\/declaracion-de-accesibilidad\/\",\"url\":\"https:\/\/hortacentreveterinari.com\/tienda\/declaracion-de-accesibilidad\/\",\"name\":\"Declaraci\u00f3n de accesibilidad - Horta Centre Veterinari\",\"isPartOf\":{\"@id\":\"https:\/\/hortacentreveterinari.com\/tienda\/#website\"},\"datePublished\":\"2023-05-13T17:43:21+00:00\",\"dateModified\":\"2023-05-13T17:44:20+00:00\",\"breadcrumb\":{\"@id\":\"https:\/\/hortacentreveterinari.com\/tienda\/declaracion-de-accesibilidad\/#breadcrumb\"},\"inLanguage\":\"es\",\"potentialAction\":[{\"@type\":\"ReadAction\",\"target\":[\"https:\/\/hortacentreveterinari.com\/tienda\/declaracion-de-accesibilidad\/\"]}]},{\"@type\":\"BreadcrumbList\",\"@id\":\"https:\/\/hortacentreveterinari.com\/tienda\/declaracion-de-accesibilidad\/#breadcrumb\",\"itemListElement\":[{\"@type\":\"ListItem\",\"position\":1,\"name\":\"Portada\",\"item\":\"https:\/\/hortacentreveterinari.com\/tienda\/\"},{\"@type\":\"ListItem\",\"position\":2,\"name\":\"Declaraci\u00f3n de accesibilidad\"}]},{\"@type\":\"WebSite\",\"@id\":\"https:\/\/hortacentreveterinari.com\/tienda\/#website\",\"url\":\"https:\/\/hortacentreveterinari.com\/tienda\/\",\"name\":\"Horta Centre Veterinari\",\"description\":\"Tienda online\",\"publisher\":{\"@id\":\"https:\/\/hortacentreveterinari.com\/tienda\/#organization\"},\"potentialAction\":[{\"@type\":\"SearchAction\",\"target\":{\"@type\":\"EntryPoint\",\"urlTemplate\":\"https:\/\/hortacentreveterinari.com\/tienda\/?s={search_term_string}\"},\"query-input\":\"required name=search_term_string\"}],\"inLanguage\":\"es\"},{\"@type\":\"Organization\",\"@id\":\"https:\/\/hortacentreveterinari.com\/tienda\/#organization\",\"name\":\"Horta Centre Veterinari\",\"url\":\"https:\/\/hortacentreveterinari.com\/tienda\/\",\"logo\":{\"@type\":\"ImageObject\",\"inLanguage\":\"es\",\"@id\":\"https:\/\/hortacentreveterinari.com\/tienda\/#\/schema\/logo\/image\/\",\"url\":\"https:\/\/hortacentreveterinari.com\/tienda\/wp-content\/uploads\/2023\/04\/horta-centre-veterinari-logo.png\",\"contentUrl\":\"https:\/\/hortacentreveterinari.com\/tienda\/wp-content\/uploads\/2023\/04\/horta-centre-veterinari-logo.png\",\"width\":239,\"height\":157,\"caption\":\"Horta Centre Veterinari\"},\"image\":{\"@id\":\"https:\/\/hortacentreveterinari.com\/tienda\/#\/schema\/logo\/image\/\"}}]}<\/script>\n<!-- \/ Yoast SEO plugin. -->","yoast_head_json":{"title":"Declaraci\u00f3n de accesibilidad - Horta Centre Veterinari","robots":{"index":"index","follow":"follow","max-snippet":"max-snippet:-1","max-image-preview":"max-image-preview:large","max-video-preview":"max-video-preview:-1"},"canonical":"https:\/\/hortacentreveterinari.com\/tienda\/declaracion-de-accesibilidad\/","og_locale":"es_ES","og_type":"article","og_title":"Declaraci\u00f3n de accesibilidad - Horta Centre Veterinari","og_description":"CLINICA VETERINARIA HORTA S.L.\u00a0se ha comprometido a hacer accesibles sus sitios web de conformidad con el Real Decreto 1112\/2018, de 7 de septiembre Abre nueva ventana, sobre accesibilidad de los sitios web y aplicaciones para dispositivos m\u00f3viles del sector p\u00fablico (en adelante, Real Decreto 1112\/2018, de 7 de septiembre). La presente declaraci\u00f3n de accesibilidad se [&hellip;]","og_url":"https:\/\/hortacentreveterinari.com\/tienda\/declaracion-de-accesibilidad\/","og_site_name":"Horta Centre Veterinari","article_modified_time":"2023-05-13T17:44:20+00:00","twitter_card":"summary_large_image","twitter_misc":{"Tiempo de lectura":"3 minutos"},"schema":{"@context":"https:\/\/schema.org","@graph":[{"@type":"WebPage","@id":"https:\/\/hortacentreveterinari.com\/tienda\/declaracion-de-accesibilidad\/","url":"https:\/\/hortacentreveterinari.com\/tienda\/declaracion-de-accesibilidad\/","name":"Declaraci\u00f3n de accesibilidad - Horta Centre Veterinari","isPartOf":{"@id":"https:\/\/hortacentreveterinari.com\/tienda\/#website"},"datePublished":"2023-05-13T17:43:21+00:00","dateModified":"2023-05-13T17:44:20+00:00","breadcrumb":{"@id":"https:\/\/hortacentreveterinari.com\/tienda\/declaracion-de-accesibilidad\/#breadcrumb"},"inLanguage":"es","potentialAction":[{"@type":"ReadAction","target":["https:\/\/hortacentreveterinari.com\/tienda\/declaracion-de-accesibilidad\/"]}]},{"@type":"BreadcrumbList","@id":"https:\/\/hortacentreveterinari.com\/tienda\/declaracion-de-accesibilidad\/#breadcrumb","itemListElement":[{"@type":"ListItem","position":1,"name":"Portada","item":"https:\/\/hortacentreveterinari.com\/tienda\/"},{"@type":"ListItem","position":2,"name":"Declaraci\u00f3n de accesibilidad"}]},{"@type":"WebSite","@id":"https:\/\/hortacentreveterinari.com\/tienda\/#website","url":"https:\/\/hortacentreveterinari.com\/tienda\/","name":"Horta Centre Veterinari","description":"Tienda online","publisher":{"@id":"https:\/\/hortacentreveterinari.com\/tienda\/#organization"},"potentialAction":[{"@type":"SearchAction","target":{"@type":"EntryPoint","urlTemplate":"https:\/\/hortacentreveterinari.com\/tienda\/?s={search_term_string}"},"query-input":"required name=search_term_string"}],"inLanguage":"es"},{"@type":"Organization","@id":"https:\/\/hortacentreveterinari.com\/tienda\/#organization","name":"Horta Centre Veterinari","url":"https:\/\/hortacentreveterinari.com\/tienda\/","logo":{"@type":"ImageObject","inLanguage":"es","@id":"https:\/\/hortacentreveterinari.com\/tienda\/#\/schema\/logo\/image\/","url":"https:\/\/hortacentreveterinari.com\/tienda\/wp-content\/uploads\/2023\/04\/horta-centre-veterinari-logo.png","contentUrl":"https:\/\/hortacentreveterinari.com\/tienda\/wp-content\/uploads\/2023\/04\/horta-centre-veterinari-logo.png","width":239,"height":157,"caption":"Horta Centre Veterinari"},"image":{"@id":"https:\/\/hortacentreveterinari.com\/tienda\/#\/schema\/logo\/image\/"}}]}},"_links":{"self":[{"href":"https:\/\/hortacentreveterinari.com\/tienda\/wp-json\/wp\/v2\/pages\/5676","targetHints":{"allow":["GET"]}}],"collection":[{"href":"https:\/\/hortacentreveterinari.com\/tienda\/wp-json\/wp\/v2\/pages"}],"about":[{"href":"https:\/\/hortacentreveterinari.com\/tienda\/wp-json\/wp\/v2\/types\/page"}],"author":[{"embeddable":true,"href":"https:\/\/hortacentreveterinari.com\/tienda\/wp-json\/wp\/v2\/users\/1"}],"replies":[{"embeddable":true,"href":"https:\/\/hortacentreveterinari.com\/tienda\/wp-json\/wp\/v2\/comments?post=5676"}],"version-history":[{"count":4,"href":"https:\/\/hortacentreveterinari.com\/tienda\/wp-json\/wp\/v2\/pages\/5676\/revisions"}],"predecessor-version":[{"id":5680,"href":"https:\/\/hortacentreveterinari.com\/tienda\/wp-json\/wp\/v2\/pages\/5676\/revisions\/5680"}],"wp:attachment":[{"href":"https:\/\/hortacentreveterinari.com\/tienda\/wp-json\/wp\/v2\/media?parent=5676"}],"curies":[{"name":"wp","href":"https:\/\/api.w.org\/{rel}","templated":true}]}}